{"id":1801,"date":"2024-01-31T16:22:49","date_gmt":"2024-01-31T15:22:49","guid":{"rendered":"https:\/\/www.sopot1911.pl\/?page_id=1801"},"modified":"2025-08-12T23:45:34","modified_gmt":"2025-08-12T21:45:34","slug":"wina-i-koktajle","status":"publish","type":"page","link":"https:\/\/www.sopot1911.pl\/pl\/wina-i-koktajle\/","title":{"rendered":"WINA I KOKTAJLE"},"content":{"rendered":"\t\t<div data-elementor-type=\"wp-page\" data-elementor-id=\"1801\" class=\"elementor elementor-1801\" data-elementor-settings=\"[]\">\n\t\t\t\t\t\t\t<div class=\"elementor-section-wrap\">\n\t\t\t\t\t\t\t<section class=\"elementor-section elementor-top-section elementor-element elementor-element-7197343 elementor-section-height-min-height elementor-section-boxed elementor-section-height-default elementor-section-items-middle\" data-id=\"7197343\" data-element_type=\"section\" data-settings=\"{&quot;background_background&quot;:&quot;classic&quot;}\">\n\t\t\t\t\t\t\t<div class=\"elementor-background-overlay\"><\/div>\n\t\t\t\t\t\t\t<div class=\"elementor-container elementor-column-gap-default\">\n\t\t\t\t\t<div class=\"elementor-column elementor-col-100 elementor-top-column elementor-element elementor-element-ac412ba\" data-id=\"ac412ba\" data-element_type=\"column\">\n\t\t\t<div class=\"elementor-widget-wrap elementor-element-populated\">\n\t\t\t\t\t\t\t\t<div class=\"elementor-element elementor-element-5c67839 elementor-widget__width-auto elementor-widget elementor-widget-heading\" data-id=\"5c67839\" data-element_type=\"widget\" data-widget_type=\"heading.default\">\n\t\t\t\t<div class=\"elementor-widget-container\">\n\t\t\t<style>\/*! elementor - v3.5.2 - 22-12-2021 *\/\n.elementor-heading-title{padding:0;margin:0;line-height:1}.elementor-widget-heading .elementor-heading-title[class*=elementor-size-]>a{color:inherit;font-size:inherit;line-height:inherit}.elementor-widget-heading .elementor-heading-title.elementor-size-small{font-size:15px}.elementor-widget-heading .elementor-heading-title.elementor-size-medium{font-size:19px}.elementor-widget-heading .elementor-heading-title.elementor-size-large{font-size:29px}.elementor-widget-heading .elementor-heading-title.elementor-size-xl{font-size:39px}.elementor-widget-heading .elementor-heading-title.elementor-size-xxl{font-size:59px}<\/style><h2 class=\"elementor-heading-title elementor-size-default\">WINA I KOKTAJLE<\/h2>\t\t<\/div>\n\t\t\t\t<\/div>\n\t\t\t\t\t<\/div>\n\t\t<\/div>\n\t\t\t\t\t\t\t<\/div>\n\t\t<\/section>\n\t\t\t\t<section class=\"elementor-section elementor-top-section elementor-element elementor-element-f09dbb0 elementor-section-boxed elementor-section-height-default elementor-section-height-default\" data-id=\"f09dbb0\" data-element_type=\"section\">\n\t\t\t\t\t\t<div class=\"elementor-container elementor-column-gap-default\">\n\t\t\t\t\t<div class=\"elementor-column elementor-col-100 elementor-top-column elementor-element elementor-element-0153b1a\" data-id=\"0153b1a\" data-element_type=\"column\">\n\t\t\t<div class=\"elementor-widget-wrap elementor-element-populated\">\n\t\t\t\t\t\t\t\t<div class=\"elementor-element elementor-element-603fa66 elementor-widget elementor-widget-spacer\" data-id=\"603fa66\" data-element_type=\"widget\" data-widget_type=\"spacer.default\">\n\t\t\t\t<div class=\"elementor-widget-container\">\n\t\t\t\t\t<div class=\"elementor-spacer\">\n\t\t\t<div class=\"elementor-spacer-inner\"><\/div>\n\t\t<\/div>\n\t\t\t\t<\/div>\n\t\t\t\t<\/div>\n\t\t\t\t\t<\/div>\n\t\t<\/div>\n\t\t\t\t\t\t\t<\/div>\n\t\t<\/section>\n\t\t\t\t<section class=\"elementor-section elementor-top-section elementor-element elementor-element-700f4ad elementor-section-boxed elementor-section-height-default elementor-section-height-default\" data-id=\"700f4ad\" data-element_type=\"section\">\n\t\t\t\t\t\t<div class=\"elementor-container elementor-column-gap-default\">\n\t\t\t\t\t<div class=\"elementor-column elementor-col-50 elementor-top-column elementor-element elementor-element-a1dd91a\" data-id=\"a1dd91a\" data-element_type=\"column\">\n\t\t\t<div class=\"elementor-widget-wrap elementor-element-populated\">\n\t\t\t\t\t\t\t\t<div class=\"elementor-element elementor-element-c201bb9 elementor-widget elementor-widget-heading\" data-id=\"c201bb9\" data-element_type=\"widget\" data-widget_type=\"heading.default\">\n\t\t\t\t<div class=\"elementor-widget-container\">\n\t\t\t<h2 class=\"elementor-heading-title elementor-size-default\">NASZE WINA I KOKTAJLE<\/h2>\t\t<\/div>\n\t\t\t\t<\/div>\n\t\t\t\t<div class=\"elementor-element elementor-element-4cd2c10 elementor-widget elementor-widget-text-editor\" data-id=\"4cd2c10\" data-element_type=\"widget\" data-widget_type=\"text-editor.default\">\n\t\t\t\t<div class=\"elementor-widget-container\">\n\t\t\t<style>\/*! elementor - v3.5.2 - 22-12-2021 *\/\n.elementor-widget-text-editor.elementor-drop-cap-view-stacked .elementor-drop-cap{background-color:#818a91;color:#fff}.elementor-widget-text-editor.elementor-drop-cap-view-framed .elementor-drop-cap{color:#818a91;border:3px solid;background-color:transparent}.elementor-widget-text-editor:not(.elementor-drop-cap-view-default) .elementor-drop-cap{margin-top:8px}.elementor-widget-text-editor:not(.elementor-drop-cap-view-default) .elementor-drop-cap-letter{width:1em;height:1em}.elementor-widget-text-editor .elementor-drop-cap{float:left;text-align:center;line-height:1;font-size:50px}.elementor-widget-text-editor .elementor-drop-cap-letter{display:inline-block}<\/style>\t\t\t\t<p style=\"text-align: center;\">Uzupe\u0142nieniem ka\u017cdego posi\u0142ku s\u0105 napoje. Karta win w 1911 Restaurant tak jak nasze menu jest przekrojem nieszablonowych butelek.\u00a0<\/p><p style=\"text-align: center;\">Nie znajdziecie u nas jednego regionu winiarskiego, jednego klucza. Znajdziecie u nas wina, kt\u00f3re maj\u0105 \u201cto co\u015b\u201d. Wyj\u0105tkow\u0105 histori\u0119, ma\u0142\u0105, rodzinn\u0105 winnic\u0119, aromaty, kt\u00f3rych odkrycie wymaga chwili skupienia, zawsze podparte poszanowaniem produktu, procesu. Posiadamy \u2026 wyselekcjonowanych butelek, kt\u00f3re skrad\u0142y nasze kubki smakowe i urzek\u0142y nas histori\u0105.\u00a0<\/p><p style=\"text-align: center;\">Obok karty win mamy dla Was koktajle oparte na alkoholach najwy\u017cszej jako\u015bci, przygotowywane w oparciu o Wasze preferencje.<\/p>\t\t\t\t\t\t<\/div>\n\t\t\t\t<\/div>\n\t\t\t\t<div class=\"elementor-element elementor-element-9c5099f elementor-align-center elementor-widget elementor-widget-button\" data-id=\"9c5099f\" data-element_type=\"widget\" data-widget_type=\"button.default\">\n\t\t\t\t<div class=\"elementor-widget-container\">\n\t\t\t\t\t<div class=\"elementor-button-wrapper\">\n\t\t\t<a href=\"https:\/\/www.sopot1911.pl\/wp-content\/uploads\/2025\/08\/1911-karta-win.pdf\" class=\"elementor-button-link elementor-button elementor-size-sm\" role=\"button\">\n\t\t\t\t\t\t<span class=\"elementor-button-content-wrapper\">\n\t\t\t\t\t\t<span class=\"elementor-button-text\">Karta win i koktajli<\/span>\n\t\t<\/span>\n\t\t\t\t\t<\/a>\n\t\t<\/div>\n\t\t\t\t<\/div>\n\t\t\t\t<\/div>\n\t\t\t\t\t<\/div>\n\t\t<\/div>\n\t\t\t\t<div class=\"elementor-column elementor-col-50 elementor-top-column elementor-element elementor-element-24a87d4\" data-id=\"24a87d4\" data-element_type=\"column\">\n\t\t\t<div class=\"elementor-widget-wrap elementor-element-populated\">\n\t\t\t\t\t\t\t\t<div class=\"elementor-element elementor-element-8b24741 elementor-widget elementor-widget-image\" data-id=\"8b24741\" data-element_type=\"widget\" data-widget_type=\"image.default\">\n\t\t\t\t<div class=\"elementor-widget-container\">\n\t\t\t<style>\/*! elementor - v3.5.2 - 22-12-2021 *\/\n.elementor-widget-image{text-align:center}.elementor-widget-image a{display:inline-block}.elementor-widget-image a img[src$=\".svg\"]{width:48px}.elementor-widget-image img{vertical-align:middle;display:inline-block}<\/style>\t\t\t\t\t\t\t\t\t\t\t\t<img loading=\"lazy\" decoding=\"async\" width=\"1638\" height=\"2048\" src=\"https:\/\/www.sopot1911.pl\/wp-content\/uploads\/2025\/03\/ready-30-1638x2048.jpg\" class=\"attachment-2048x2048 size-2048x2048\" alt=\"\" srcset=\"https:\/\/www.sopot1911.pl\/wp-content\/uploads\/2025\/03\/ready-30-1638x2048.jpg 1638w, https:\/\/www.sopot1911.pl\/wp-content\/uploads\/2025\/03\/ready-30-240x300.jpg 240w, https:\/\/www.sopot1911.pl\/wp-content\/uploads\/2025\/03\/ready-30-819x1024.jpg 819w, https:\/\/www.sopot1911.pl\/wp-content\/uploads\/2025\/03\/ready-30-768x960.jpg 768w, https:\/\/www.sopot1911.pl\/wp-content\/uploads\/2025\/03\/ready-30-1229x1536.jpg 1229w, https:\/\/www.sopot1911.pl\/wp-content\/uploads\/2025\/03\/ready-30-10x12.jpg 10w, https:\/\/www.sopot1911.pl\/wp-content\/uploads\/2025\/03\/ready-30-scaled.jpg 2048w\" sizes=\"auto, (max-width: 1638px) 100vw, 1638px\" \/>\t\t\t\t\t\t\t\t\t\t\t\t\t\t\t<\/div>\n\t\t\t\t<\/div>\n\t\t\t\t\t<\/div>\n\t\t<\/div>\n\t\t\t\t\t\t\t<\/div>\n\t\t<\/section>\n\t\t\t\t<section class=\"elementor-section elementor-top-section elementor-element elementor-element-dfb2848 elementor-section-boxed elementor-section-height-default elementor-section-height-default\" data-id=\"dfb2848\" data-element_type=\"section\">\n\t\t\t\t\t\t<div class=\"elementor-container elementor-column-gap-default\">\n\t\t\t\t\t<div class=\"elementor-column elementor-col-50 elementor-top-column elementor-element elementor-element-b9a6fe6\" data-id=\"b9a6fe6\" data-element_type=\"column\">\n\t\t\t<div class=\"elementor-widget-wrap elementor-element-populated\">\n\t\t\t\t\t\t\t\t<div class=\"elementor-element elementor-element-26e9ed4 elementor-widget elementor-widget-image\" data-id=\"26e9ed4\" data-element_type=\"widget\" data-widget_type=\"image.default\">\n\t\t\t\t<div class=\"elementor-widget-container\">\n\t\t\t\t\t\t\t\t\t\t\t\t\t\t\t<img loading=\"lazy\" decoding=\"async\" width=\"794\" height=\"992\" src=\"https:\/\/www.sopot1911.pl\/wp-content\/uploads\/2025\/08\/wewn.-4.png\" class=\"attachment-2048x2048 size-2048x2048\" alt=\"\" srcset=\"https:\/\/www.sopot1911.pl\/wp-content\/uploads\/2025\/08\/wewn.-4.png 794w, https:\/\/www.sopot1911.pl\/wp-content\/uploads\/2025\/08\/wewn.-4-240x300.png 240w, https:\/\/www.sopot1911.pl\/wp-content\/uploads\/2025\/08\/wewn.-4-768x960.png 768w, https:\/\/www.sopot1911.pl\/wp-content\/uploads\/2025\/08\/wewn.-4-10x12.png 10w\" sizes=\"auto, (max-width: 794px) 100vw, 794px\" \/>\t\t\t\t\t\t\t\t\t\t\t\t\t\t\t<\/div>\n\t\t\t\t<\/div>\n\t\t\t\t\t<\/div>\n\t\t<\/div>\n\t\t\t\t<div class=\"elementor-column elementor-col-50 elementor-top-column elementor-element elementor-element-be169aa\" data-id=\"be169aa\" data-element_type=\"column\">\n\t\t\t<div class=\"elementor-widget-wrap elementor-element-populated\">\n\t\t\t\t\t\t\t\t<div class=\"elementor-element elementor-element-40dda02 elementor-widget elementor-widget-image\" data-id=\"40dda02\" data-element_type=\"widget\" data-widget_type=\"image.default\">\n\t\t\t\t<div class=\"elementor-widget-container\">\n\t\t\t\t\t\t\t\t\t\t\t\t\t\t\t<img loading=\"lazy\" decoding=\"async\" width=\"1414\" height=\"2000\" src=\"https:\/\/www.sopot1911.pl\/wp-content\/uploads\/2025\/08\/5-karta-win.png\" class=\"attachment-2048x2048 size-2048x2048\" alt=\"\" srcset=\"https:\/\/www.sopot1911.pl\/wp-content\/uploads\/2025\/08\/5-karta-win.png 1414w, https:\/\/www.sopot1911.pl\/wp-content\/uploads\/2025\/08\/5-karta-win-212x300.png 212w, https:\/\/www.sopot1911.pl\/wp-content\/uploads\/2025\/08\/5-karta-win-724x1024.png 724w, https:\/\/www.sopot1911.pl\/wp-content\/uploads\/2025\/08\/5-karta-win-768x1086.png 768w, https:\/\/www.sopot1911.pl\/wp-content\/uploads\/2025\/08\/5-karta-win-1086x1536.png 1086w, https:\/\/www.sopot1911.pl\/wp-content\/uploads\/2025\/08\/5-karta-win-8x12.png 8w\" sizes=\"auto, (max-width: 1414px) 100vw, 1414px\" \/>\t\t\t\t\t\t\t\t\t\t\t\t\t\t\t<\/div>\n\t\t\t\t<\/div>\n\t\t\t\t\t<\/div>\n\t\t<\/div>\n\t\t\t\t\t\t\t<\/div>\n\t\t<\/section>\n\t\t\t\t<section class=\"elementor-section elementor-top-section elementor-element elementor-element-0bc9a6c elementor-section-boxed elementor-section-height-default elementor-section-height-default\" data-id=\"0bc9a6c\" data-element_type=\"section\">\n\t\t\t\t\t\t<div class=\"elementor-container elementor-column-gap-default\">\n\t\t\t\t\t<div class=\"elementor-column elementor-col-50 elementor-top-column elementor-element elementor-element-771c784\" data-id=\"771c784\" data-element_type=\"column\">\n\t\t\t<div class=\"elementor-widget-wrap elementor-element-populated\">\n\t\t\t\t\t\t\t\t<div class=\"elementor-element elementor-element-6842c5a elementor-widget elementor-widget-image\" data-id=\"6842c5a\" data-element_type=\"widget\" data-widget_type=\"image.default\">\n\t\t\t\t<div class=\"elementor-widget-container\">\n\t\t\t\t\t\t\t\t\t\t\t\t\t\t\t<img loading=\"lazy\" decoding=\"async\" width=\"1414\" height=\"2000\" src=\"https:\/\/www.sopot1911.pl\/wp-content\/uploads\/2025\/08\/2-karta-win.png\" class=\"attachment-2048x2048 size-2048x2048\" alt=\"\" srcset=\"https:\/\/www.sopot1911.pl\/wp-content\/uploads\/2025\/08\/2-karta-win.png 1414w, https:\/\/www.sopot1911.pl\/wp-content\/uploads\/2025\/08\/2-karta-win-212x300.png 212w, https:\/\/www.sopot1911.pl\/wp-content\/uploads\/2025\/08\/2-karta-win-724x1024.png 724w, https:\/\/www.sopot1911.pl\/wp-content\/uploads\/2025\/08\/2-karta-win-768x1086.png 768w, https:\/\/www.sopot1911.pl\/wp-content\/uploads\/2025\/08\/2-karta-win-1086x1536.png 1086w, https:\/\/www.sopot1911.pl\/wp-content\/uploads\/2025\/08\/2-karta-win-8x12.png 8w\" sizes=\"auto, (max-width: 1414px) 100vw, 1414px\" \/>\t\t\t\t\t\t\t\t\t\t\t\t\t\t\t<\/div>\n\t\t\t\t<\/div>\n\t\t\t\t\t<\/div>\n\t\t<\/div>\n\t\t\t\t<div class=\"elementor-column elementor-col-50 elementor-top-column elementor-element elementor-element-73e2e3c\" data-id=\"73e2e3c\" data-element_type=\"column\">\n\t\t\t<div class=\"elementor-widget-wrap elementor-element-populated\">\n\t\t\t\t\t\t\t\t<div class=\"elementor-element elementor-element-45cc3c0 elementor-widget elementor-widget-image\" data-id=\"45cc3c0\" data-element_type=\"widget\" data-widget_type=\"image.default\">\n\t\t\t\t<div class=\"elementor-widget-container\">\n\t\t\t\t\t\t\t\t\t\t\t\t\t\t\t<img loading=\"lazy\" decoding=\"async\" width=\"1152\" height=\"2048\" src=\"https:\/\/www.sopot1911.pl\/wp-content\/uploads\/2025\/03\/IMG_7116-1152x2048.png\" class=\"attachment-2048x2048 size-2048x2048\" alt=\"\" srcset=\"https:\/\/www.sopot1911.pl\/wp-content\/uploads\/2025\/03\/IMG_7116-1152x2048.png 1152w, https:\/\/www.sopot1911.pl\/wp-content\/uploads\/2025\/03\/IMG_7116-169x300.png 169w, https:\/\/www.sopot1911.pl\/wp-content\/uploads\/2025\/03\/IMG_7116-576x1024.png 576w, https:\/\/www.sopot1911.pl\/wp-content\/uploads\/2025\/03\/IMG_7116-768x1365.png 768w, https:\/\/www.sopot1911.pl\/wp-content\/uploads\/2025\/03\/IMG_7116-864x1536.png 864w, https:\/\/www.sopot1911.pl\/wp-content\/uploads\/2025\/03\/IMG_7116-7x12.png 7w\" sizes=\"auto, (max-width: 1152px) 100vw, 1152px\" \/>\t\t\t\t\t\t\t\t\t\t\t\t\t\t\t<\/div>\n\t\t\t\t<\/div>\n\t\t\t\t\t<\/div>\n\t\t<\/div>\n\t\t\t\t\t\t\t<\/div>\n\t\t<\/section>\n\t\t\t\t<section class=\"elementor-section elementor-top-section elementor-element elementor-element-5c0cf3b elementor-section-boxed elementor-section-height-default elementor-section-height-default\" data-id=\"5c0cf3b\" data-element_type=\"section\">\n\t\t\t\t\t\t<div class=\"elementor-container elementor-column-gap-default\">\n\t\t\t\t\t<div class=\"elementor-column elementor-col-50 elementor-top-column elementor-element elementor-element-c3e7cef\" data-id=\"c3e7cef\" data-element_type=\"column\">\n\t\t\t<div class=\"elementor-widget-wrap\">\n\t\t\t\t\t\t\t\t\t<\/div>\n\t\t<\/div>\n\t\t\t\t<div class=\"elementor-column elementor-col-50 elementor-top-column elementor-element elementor-element-80f85b1\" data-id=\"80f85b1\" data-element_type=\"column\">\n\t\t\t<div class=\"elementor-widget-wrap\">\n\t\t\t\t\t\t\t\t\t<\/div>\n\t\t<\/div>\n\t\t\t\t\t\t\t<\/div>\n\t\t<\/section>\n\t\t\t\t<section class=\"elementor-section elementor-top-section elementor-element elementor-element-08cb0fc elementor-section-boxed elementor-section-height-default elementor-section-height-default\" data-id=\"08cb0fc\" data-element_type=\"section\">\n\t\t\t\t\t\t<div class=\"elementor-container elementor-column-gap-default\">\n\t\t\t\t\t<div class=\"elementor-column elementor-col-50 elementor-top-column elementor-element elementor-element-b8baed0\" data-id=\"b8baed0\" data-element_type=\"column\">\n\t\t\t<div class=\"elementor-widget-wrap\">\n\t\t\t\t\t\t\t\t\t<\/div>\n\t\t<\/div>\n\t\t\t\t<div class=\"elementor-column elementor-col-50 elementor-top-column elementor-element elementor-element-cb9c574\" data-id=\"cb9c574\" data-element_type=\"column\">\n\t\t\t<div class=\"elementor-widget-wrap\">\n\t\t\t\t\t\t\t\t\t<\/div>\n\t\t<\/div>\n\t\t\t\t\t\t\t<\/div>\n\t\t<\/section>\n\t\t\t\t\t\t<\/div>\n\t\t\t\t\t<\/div>\n\t\t","protected":false},"excerpt":{"rendered":"<p>WINA I KOKTAJLE NASZE WINA I KOKTAJLE Uzupe\u0142nieniem ka\u017cdego posi\u0142ku s\u0105 napoje. Karta win w 1911 Restaurant tak jak nasze menu jest przekrojem nieszablonowych butelek.\u00a0 Nie znajdziecie u nas jednego regionu winiarskiego, jednego klucza. Znajdziecie u nas wina, kt\u00f3re maj\u0105 \u201cto co\u015b\u201d. Wyj\u0105tkow\u0105 histori\u0119, ma\u0142\u0105, rodzinn\u0105 winnic\u0119, aromaty, kt\u00f3rych odkrycie wymaga chwili skupienia, zawsze podparte [&hellip;]<\/p>\n","protected":false},"author":1,"featured_media":0,"parent":0,"menu_order":0,"comment_status":"closed","ping_status":"closed","template":"","meta":{"_mi_skip_tracking":false,"_monsterinsights_sitenote_active":false,"_monsterinsights_sitenote_note":"","_monsterinsights_sitenote_category":0,"footnotes":""},"class_list":["post-1801","page","type-page","status-publish","hentry"],"_links":{"self":[{"href":"https:\/\/www.sopot1911.pl\/pl\/wp-json\/wp\/v2\/pages\/1801","targetHints":{"allow":["GET"]}}],"collection":[{"href":"https:\/\/www.sopot1911.pl\/pl\/wp-json\/wp\/v2\/pages"}],"about":[{"href":"https:\/\/www.sopot1911.pl\/pl\/wp-json\/wp\/v2\/types\/page"}],"author":[{"embeddable":true,"href":"https:\/\/www.sopot1911.pl\/pl\/wp-json\/wp\/v2\/users\/1"}],"replies":[{"embeddable":true,"href":"https:\/\/www.sopot1911.pl\/pl\/wp-json\/wp\/v2\/comments?post=1801"}],"version-history":[{"count":71,"href":"https:\/\/www.sopot1911.pl\/pl\/wp-json\/wp\/v2\/pages\/1801\/revisions"}],"predecessor-version":[{"id":2280,"href":"https:\/\/www.sopot1911.pl\/pl\/wp-json\/wp\/v2\/pages\/1801\/revisions\/2280"}],"wp:attachment":[{"href":"https:\/\/www.sopot1911.pl\/pl\/wp-json\/wp\/v2\/media?parent=1801"}],"curies":[{"name":"wp","href":"https:\/\/api.w.org\/{rel}","templated":true}]}}