{"id":119,"date":"2021-12-23T11:22:56","date_gmt":"2021-12-23T10:22:56","guid":{"rendered":"https:\/\/www.sopot1911.pl\/?page_id=119"},"modified":"2025-11-04T15:41:43","modified_gmt":"2025-11-04T14:41:43","slug":"dla-grup","status":"publish","type":"page","link":"https:\/\/www.sopot1911.pl\/pl\/dla-grup\/","title":{"rendered":"wigilie firmowe"},"content":{"rendered":"\t\t<div data-elementor-type=\"wp-page\" data-elementor-id=\"119\" class=\"elementor elementor-119\" data-elementor-settings=\"[]\">\n\t\t\t\t\t\t\t<div class=\"elementor-section-wrap\">\n\t\t\t\t\t\t\t<section class=\"elementor-section elementor-top-section elementor-element elementor-element-73099754 elementor-section-height-min-height elementor-section-boxed elementor-section-height-default elementor-section-items-middle\" data-id=\"73099754\" data-element_type=\"section\" data-settings=\"{&quot;background_background&quot;:&quot;classic&quot;}\">\n\t\t\t\t\t\t\t<div class=\"elementor-background-overlay\"><\/div>\n\t\t\t\t\t\t\t<div class=\"elementor-container elementor-column-gap-default\">\n\t\t\t\t\t<div class=\"elementor-column elementor-col-100 elementor-top-column elementor-element elementor-element-5e814c57\" data-id=\"5e814c57\" data-element_type=\"column\">\n\t\t\t<div class=\"elementor-widget-wrap elementor-element-populated\">\n\t\t\t\t\t\t\t\t<div class=\"elementor-element elementor-element-2a6c054a elementor-widget__width-auto elementor-widget elementor-widget-heading\" data-id=\"2a6c054a\" data-element_type=\"widget\" data-widget_type=\"heading.default\">\n\t\t\t\t<div class=\"elementor-widget-container\">\n\t\t\t<style>\/*! elementor - v3.5.2 - 22-12-2021 *\/\n.elementor-heading-title{padding:0;margin:0;line-height:1}.elementor-widget-heading .elementor-heading-title[class*=elementor-size-]>a{color:inherit;font-size:inherit;line-height:inherit}.elementor-widget-heading .elementor-heading-title.elementor-size-small{font-size:15px}.elementor-widget-heading .elementor-heading-title.elementor-size-medium{font-size:19px}.elementor-widget-heading .elementor-heading-title.elementor-size-large{font-size:29px}.elementor-widget-heading .elementor-heading-title.elementor-size-xl{font-size:39px}.elementor-widget-heading .elementor-heading-title.elementor-size-xxl{font-size:59px}<\/style><h2 class=\"elementor-heading-title elementor-size-default\">WIGILIE FIRMOWE<\/h2>\t\t<\/div>\n\t\t\t\t<\/div>\n\t\t\t\t\t<\/div>\n\t\t<\/div>\n\t\t\t\t\t\t\t<\/div>\n\t\t<\/section>\n\t\t\t\t<section class=\"elementor-section elementor-top-section elementor-element elementor-element-9fc9bb0 elementor-section-boxed elementor-section-height-default elementor-section-height-default\" data-id=\"9fc9bb0\" data-element_type=\"section\">\n\t\t\t\t\t\t<div class=\"elementor-container elementor-column-gap-default\">\n\t\t\t\t\t<div class=\"elementor-column elementor-col-100 elementor-top-column elementor-element elementor-element-d8ada20\" data-id=\"d8ada20\" data-element_type=\"column\">\n\t\t\t<div class=\"elementor-widget-wrap elementor-element-populated\">\n\t\t\t\t\t\t\t\t<div class=\"elementor-element elementor-element-3f568c3 elementor-widget elementor-widget-spacer\" data-id=\"3f568c3\" data-element_type=\"widget\" data-widget_type=\"spacer.default\">\n\t\t\t\t<div class=\"elementor-widget-container\">\n\t\t\t\t\t<div class=\"elementor-spacer\">\n\t\t\t<div class=\"elementor-spacer-inner\"><\/div>\n\t\t<\/div>\n\t\t\t\t<\/div>\n\t\t\t\t<\/div>\n\t\t\t\t\t<\/div>\n\t\t<\/div>\n\t\t\t\t\t\t\t<\/div>\n\t\t<\/section>\n\t\t\t\t<section class=\"elementor-section elementor-top-section elementor-element elementor-element-e20eb7c elementor-section-boxed elementor-section-height-default elementor-section-height-default\" data-id=\"e20eb7c\" data-element_type=\"section\">\n\t\t\t\t\t\t<div class=\"elementor-container elementor-column-gap-default\">\n\t\t\t\t\t<div class=\"elementor-column elementor-col-100 elementor-top-column elementor-element elementor-element-f7f88a9\" data-id=\"f7f88a9\" data-element_type=\"column\">\n\t\t\t<div class=\"elementor-widget-wrap elementor-element-populated\">\n\t\t\t\t\t\t\t\t<section class=\"elementor-section elementor-inner-section elementor-element elementor-element-ff809a2 elementor-section-boxed elementor-section-height-default elementor-section-height-default\" data-id=\"ff809a2\" data-element_type=\"section\">\n\t\t\t\t\t\t<div class=\"elementor-container elementor-column-gap-default\">\n\t\t\t\t\t<div class=\"elementor-column elementor-col-50 elementor-inner-column elementor-element elementor-element-c02daee\" data-id=\"c02daee\" data-element_type=\"column\">\n\t\t\t<div class=\"elementor-widget-wrap elementor-element-populated\">\n\t\t\t\t\t\t\t\t<div class=\"elementor-element elementor-element-2d86fb0 elementor-widget elementor-widget-heading\" data-id=\"2d86fb0\" data-element_type=\"widget\" data-widget_type=\"heading.default\">\n\t\t\t\t<div class=\"elementor-widget-container\">\n\t\t\t<h2 class=\"elementor-heading-title elementor-size-default\">Wigilie firmowe i spotkania \u015bwi\u0105teczne w Restauracji 1911<\/h2>\t\t<\/div>\n\t\t\t\t<\/div>\n\t\t\t\t<div class=\"elementor-element elementor-element-d640050 elementor-widget elementor-widget-text-editor\" data-id=\"d640050\" data-element_type=\"widget\" data-widget_type=\"text-editor.default\">\n\t\t\t\t<div class=\"elementor-widget-container\">\n\t\t\t<style>\/*! elementor - v3.5.2 - 22-12-2021 *\/\n.elementor-widget-text-editor.elementor-drop-cap-view-stacked .elementor-drop-cap{background-color:#818a91;color:#fff}.elementor-widget-text-editor.elementor-drop-cap-view-framed .elementor-drop-cap{color:#818a91;border:3px solid;background-color:transparent}.elementor-widget-text-editor:not(.elementor-drop-cap-view-default) .elementor-drop-cap{margin-top:8px}.elementor-widget-text-editor:not(.elementor-drop-cap-view-default) .elementor-drop-cap-letter{width:1em;height:1em}.elementor-widget-text-editor .elementor-drop-cap{float:left;text-align:center;line-height:1;font-size:50px}.elementor-widget-text-editor .elementor-drop-cap-letter{display:inline-block}<\/style>\t\t\t\t<p style=\"text-align: center;\" data-start=\"114\" data-end=\"313\">Zapraszamy do organizacji wyj\u0105tkowych spotka\u0144 \u015bwi\u0105tecznych w naszej restauracji \u2013 to idealna okazja, aby podzi\u0119kowa\u0107 wsp\u00f3\u0142pracownikom, podsumowa\u0107 rok i sp\u0119dzi\u0107 czas w ciep\u0142ej, eleganckiej atmosferze.<\/p><p style=\"text-align: center;\" data-start=\"315\" data-end=\"570\">Przygotowali\u015bmy dla Pa\u0144stwa specjalne menu wigilijne w dw\u00f3ch wariantach do wyboru (szczeg\u00f3\u0142y poni\u017cej). Jeste\u015bmy r\u00f3wnie\u017c otwarci na indywidualne propozycje \u2013 z przyjemno\u015bci\u0105 dostosujemy si\u0119 do Pa\u0144stwa potrzeb, tworz\u0105c unikatowe do\u015bwiadczenie kulinarne.<\/p><p style=\"text-align: center;\" data-start=\"572\" data-end=\"712\">Nasza przestrze\u0144 pozwala na ugoszczenie nawet 24 os\u00f3b przy jednym wsp\u00f3lnym stole, co sprzyja integracji i budowaniu zespo\u0142owych relacji.<\/p><p style=\"text-align: center;\" data-start=\"714\" data-end=\"835\">Zapraszamy do kontaktu w sprawie rezerwacji i szczeg\u00f3\u0142\u00f3w oferty \u2013 sprawimy, \u017ce tegoroczne \u015bwi\u0119ta b\u0119d\u0105 naprawd\u0119 wyj\u0105tkowe.<\/p><p style=\"text-align: center;\"><span style=\"color: #333333;\"><a style=\"color: #333333;\" href=\"mailto:rezerwacja@sopot1911.pl\">rezerwacja@sopot1911.pl<\/a><\/span><\/p><p style=\"text-align: center;\">lub<\/p><p style=\"text-align: center;\"><span style=\"color: #333333;\"><a style=\"color: #333333;\" href=\"tel:+48572945145\">+48 572 945 145<\/a><\/span><\/p>\t\t\t\t\t\t<\/div>\n\t\t\t\t<\/div>\n\t\t\t\t<div class=\"elementor-element elementor-element-2e53723 elementor-align-center elementor-widget elementor-widget-button\" data-id=\"2e53723\" data-element_type=\"widget\" data-widget_type=\"button.default\">\n\t\t\t\t<div class=\"elementor-widget-container\">\n\t\t\t\t\t<div class=\"elementor-button-wrapper\">\n\t\t\t<a href=\"https:\/\/www.sopot1911.pl\/wp-content\/uploads\/2025\/11\/Oferta-firmowki-wigilijna-2025.pdf\" class=\"elementor-button-link elementor-button elementor-size-sm\" role=\"button\">\n\t\t\t\t\t\t<span class=\"elementor-button-content-wrapper\">\n\t\t\t\t\t\t<span class=\"elementor-button-text\">Do pobrania<\/span>\n\t\t<\/span>\n\t\t\t\t\t<\/a>\n\t\t<\/div>\n\t\t\t\t<\/div>\n\t\t\t\t<\/div>\n\t\t\t\t\t<\/div>\n\t\t<\/div>\n\t\t\t\t<div class=\"elementor-column elementor-col-50 elementor-inner-column elementor-element elementor-element-a75aaa8\" data-id=\"a75aaa8\" data-element_type=\"column\">\n\t\t\t<div class=\"elementor-widget-wrap elementor-element-populated\">\n\t\t\t\t\t\t\t\t<div class=\"elementor-element elementor-element-43b2a4d elementor-widget elementor-widget-image\" data-id=\"43b2a4d\" data-element_type=\"widget\" data-widget_type=\"image.default\">\n\t\t\t\t<div class=\"elementor-widget-container\">\n\t\t\t<style>\/*! elementor - v3.5.2 - 22-12-2021 *\/\n.elementor-widget-image{text-align:center}.elementor-widget-image a{display:inline-block}.elementor-widget-image a img[src$=\".svg\"]{width:48px}.elementor-widget-image img{vertical-align:middle;display:inline-block}<\/style>\t\t\t\t\t\t\t\t\t\t\t\t<img loading=\"lazy\" decoding=\"async\" width=\"1080\" height=\"1350\" src=\"https:\/\/www.sopot1911.pl\/wp-content\/uploads\/2025\/11\/1911-wigilia-firmowa-IGFB-post.png\" class=\"attachment-2048x2048 size-2048x2048\" alt=\"\" srcset=\"https:\/\/www.sopot1911.pl\/wp-content\/uploads\/2025\/11\/1911-wigilia-firmowa-IGFB-post.png 1080w, https:\/\/www.sopot1911.pl\/wp-content\/uploads\/2025\/11\/1911-wigilia-firmowa-IGFB-post-240x300.png 240w, https:\/\/www.sopot1911.pl\/wp-content\/uploads\/2025\/11\/1911-wigilia-firmowa-IGFB-post-819x1024.png 819w, https:\/\/www.sopot1911.pl\/wp-content\/uploads\/2025\/11\/1911-wigilia-firmowa-IGFB-post-768x960.png 768w, https:\/\/www.sopot1911.pl\/wp-content\/uploads\/2025\/11\/1911-wigilia-firmowa-IGFB-post-10x12.png 10w\" sizes=\"auto, (max-width: 1080px) 100vw, 1080px\" \/>\t\t\t\t\t\t\t\t\t\t\t\t\t\t\t<\/div>\n\t\t\t\t<\/div>\n\t\t\t\t\t<\/div>\n\t\t<\/div>\n\t\t\t\t\t\t\t<\/div>\n\t\t<\/section>\n\t\t\t\t\t<\/div>\n\t\t<\/div>\n\t\t\t\t\t\t\t<\/div>\n\t\t<\/section>\n\t\t\t\t<section class=\"elementor-section elementor-top-section elementor-element elementor-element-5fbe8cc elementor-section-boxed elementor-section-height-default elementor-section-height-default\" data-id=\"5fbe8cc\" data-element_type=\"section\">\n\t\t\t\t\t\t<div class=\"elementor-container elementor-column-gap-default\">\n\t\t\t\t\t<div class=\"elementor-column elementor-col-100 elementor-top-column elementor-element elementor-element-9cde5c2\" data-id=\"9cde5c2\" data-element_type=\"column\">\n\t\t\t<div class=\"elementor-widget-wrap elementor-element-populated\">\n\t\t\t\t\t\t\t\t<div class=\"elementor-element elementor-element-9777336 elementor-widget elementor-widget-spacer\" data-id=\"9777336\" data-element_type=\"widget\" data-widget_type=\"spacer.default\">\n\t\t\t\t<div class=\"elementor-widget-container\">\n\t\t\t\t\t<div class=\"elementor-spacer\">\n\t\t\t<div class=\"elementor-spacer-inner\"><\/div>\n\t\t<\/div>\n\t\t\t\t<\/div>\n\t\t\t\t<\/div>\n\t\t\t\t\t<\/div>\n\t\t<\/div>\n\t\t\t\t\t\t\t<\/div>\n\t\t<\/section>\n\t\t\t\t<section class=\"elementor-section elementor-top-section elementor-element elementor-element-9b8a616 elementor-section-boxed elementor-section-height-default elementor-section-height-default\" data-id=\"9b8a616\" data-element_type=\"section\">\n\t\t\t\t\t\t<div class=\"elementor-container elementor-column-gap-default\">\n\t\t\t\t\t<div class=\"elementor-column elementor-col-50 elementor-top-column elementor-element elementor-element-7d3ca7d\" data-id=\"7d3ca7d\" data-element_type=\"column\">\n\t\t\t<div class=\"elementor-widget-wrap elementor-element-populated\">\n\t\t\t\t\t\t\t\t<div class=\"elementor-element elementor-element-7219645 elementor-widget elementor-widget-image\" data-id=\"7219645\" data-element_type=\"widget\" data-widget_type=\"image.default\">\n\t\t\t\t<div class=\"elementor-widget-container\">\n\t\t\t\t\t\t\t\t\t\t\t\t\t\t\t<img loading=\"lazy\" decoding=\"async\" width=\"1000\" height=\"1500\" src=\"https:\/\/www.sopot1911.pl\/wp-content\/uploads\/2025\/11\/DSC_0049_AAA.png\" class=\"attachment-2048x2048 size-2048x2048\" alt=\"\" srcset=\"https:\/\/www.sopot1911.pl\/wp-content\/uploads\/2025\/11\/DSC_0049_AAA.png 1000w, https:\/\/www.sopot1911.pl\/wp-content\/uploads\/2025\/11\/DSC_0049_AAA-200x300.png 200w, https:\/\/www.sopot1911.pl\/wp-content\/uploads\/2025\/11\/DSC_0049_AAA-683x1024.png 683w, https:\/\/www.sopot1911.pl\/wp-content\/uploads\/2025\/11\/DSC_0049_AAA-768x1152.png 768w, https:\/\/www.sopot1911.pl\/wp-content\/uploads\/2025\/11\/DSC_0049_AAA-8x12.png 8w\" sizes=\"auto, (max-width: 1000px) 100vw, 1000px\" \/>\t\t\t\t\t\t\t\t\t\t\t\t\t\t\t<\/div>\n\t\t\t\t<\/div>\n\t\t\t\t\t<\/div>\n\t\t<\/div>\n\t\t\t\t<div class=\"elementor-column elementor-col-50 elementor-top-column elementor-element elementor-element-2f3903b\" data-id=\"2f3903b\" data-element_type=\"column\">\n\t\t\t<div class=\"elementor-widget-wrap elementor-element-populated\">\n\t\t\t\t\t\t\t\t<div class=\"elementor-element elementor-element-e850580 elementor-widget elementor-widget-image\" data-id=\"e850580\" data-element_type=\"widget\" data-widget_type=\"image.default\">\n\t\t\t\t<div class=\"elementor-widget-container\">\n\t\t\t\t\t\t\t\t\t\t\t\t\t\t\t<img loading=\"lazy\" decoding=\"async\" width=\"1241\" height=\"1755\" src=\"https:\/\/www.sopot1911.pl\/wp-content\/uploads\/2025\/11\/Oferta-firmowki-wigilijna-2025_page-00011.jpg\" class=\"attachment-2048x2048 size-2048x2048\" alt=\"\" srcset=\"https:\/\/www.sopot1911.pl\/wp-content\/uploads\/2025\/11\/Oferta-firmowki-wigilijna-2025_page-00011.jpg 1241w, https:\/\/www.sopot1911.pl\/wp-content\/uploads\/2025\/11\/Oferta-firmowki-wigilijna-2025_page-00011-212x300.jpg 212w, https:\/\/www.sopot1911.pl\/wp-content\/uploads\/2025\/11\/Oferta-firmowki-wigilijna-2025_page-00011-724x1024.jpg 724w, https:\/\/www.sopot1911.pl\/wp-content\/uploads\/2025\/11\/Oferta-firmowki-wigilijna-2025_page-00011-768x1086.jpg 768w, https:\/\/www.sopot1911.pl\/wp-content\/uploads\/2025\/11\/Oferta-firmowki-wigilijna-2025_page-00011-1086x1536.jpg 1086w, https:\/\/www.sopot1911.pl\/wp-content\/uploads\/2025\/11\/Oferta-firmowki-wigilijna-2025_page-00011-8x12.jpg 8w\" sizes=\"auto, (max-width: 1241px) 100vw, 1241px\" \/>\t\t\t\t\t\t\t\t\t\t\t\t\t\t\t<\/div>\n\t\t\t\t<\/div>\n\t\t\t\t\t<\/div>\n\t\t<\/div>\n\t\t\t\t\t\t\t<\/div>\n\t\t<\/section>\n\t\t\t\t<section class=\"elementor-section elementor-top-section elementor-element elementor-element-9f7c903 elementor-section-boxed elementor-section-height-default elementor-section-height-default\" data-id=\"9f7c903\" data-element_type=\"section\">\n\t\t\t\t\t\t<div class=\"elementor-container elementor-column-gap-default\">\n\t\t\t\t\t<div class=\"elementor-column elementor-col-100 elementor-top-column elementor-element elementor-element-f18369a\" data-id=\"f18369a\" data-element_type=\"column\">\n\t\t\t<div class=\"elementor-widget-wrap elementor-element-populated\">\n\t\t\t\t\t\t\t\t<div class=\"elementor-element elementor-element-6297c09 elementor-widget elementor-widget-spacer\" data-id=\"6297c09\" data-element_type=\"widget\" data-widget_type=\"spacer.default\">\n\t\t\t\t<div class=\"elementor-widget-container\">\n\t\t\t\t\t<div class=\"elementor-spacer\">\n\t\t\t<div class=\"elementor-spacer-inner\"><\/div>\n\t\t<\/div>\n\t\t\t\t<\/div>\n\t\t\t\t<\/div>\n\t\t\t\t\t<\/div>\n\t\t<\/div>\n\t\t\t\t\t\t\t<\/div>\n\t\t<\/section>\n\t\t\t\t<section class=\"elementor-section elementor-top-section elementor-element elementor-element-774d4dc elementor-section-boxed elementor-section-height-default elementor-section-height-default\" data-id=\"774d4dc\" data-element_type=\"section\">\n\t\t\t\t\t\t<div class=\"elementor-container elementor-column-gap-default\">\n\t\t\t\t\t<div class=\"elementor-column elementor-col-100 elementor-top-column elementor-element elementor-element-0c36b08\" data-id=\"0c36b08\" data-element_type=\"column\">\n\t\t\t<div class=\"elementor-widget-wrap elementor-element-populated\">\n\t\t\t\t\t\t\t\t<div class=\"elementor-element elementor-element-1655a8f elementor-widget elementor-widget-spacer\" data-id=\"1655a8f\" data-element_type=\"widget\" data-widget_type=\"spacer.default\">\n\t\t\t\t<div class=\"elementor-widget-container\">\n\t\t\t\t\t<div class=\"elementor-spacer\">\n\t\t\t<div class=\"elementor-spacer-inner\"><\/div>\n\t\t<\/div>\n\t\t\t\t<\/div>\n\t\t\t\t<\/div>\n\t\t\t\t\t<\/div>\n\t\t<\/div>\n\t\t\t\t\t\t\t<\/div>\n\t\t<\/section>\n\t\t\t\t\t\t<\/div>\n\t\t\t\t\t<\/div>\n\t\t","protected":false},"excerpt":{"rendered":"<p>WIGILIE FIRMOWE Wigilie firmowe i spotkania \u015bwi\u0105teczne w Restauracji 1911 Zapraszamy do organizacji wyj\u0105tkowych spotka\u0144 \u015bwi\u0105tecznych w naszej restauracji \u2013 to idealna okazja, aby podzi\u0119kowa\u0107 wsp\u00f3\u0142pracownikom, podsumowa\u0107 rok i sp\u0119dzi\u0107 czas w ciep\u0142ej, eleganckiej atmosferze. Przygotowali\u015bmy dla Pa\u0144stwa specjalne menu wigilijne w dw\u00f3ch wariantach do wyboru (szczeg\u00f3\u0142y poni\u017cej). Jeste\u015bmy r\u00f3wnie\u017c otwarci na indywidualne propozycje \u2013 [&hellip;]<\/p>\n","protected":false},"author":1,"featured_media":0,"parent":0,"menu_order":0,"comment_status":"closed","ping_status":"closed","template":"","meta":{"_mi_skip_tracking":false,"_monsterinsights_sitenote_active":false,"_monsterinsights_sitenote_note":"","_monsterinsights_sitenote_category":0,"footnotes":""},"class_list":["post-119","page","type-page","status-publish","hentry"],"_links":{"self":[{"href":"https:\/\/www.sopot1911.pl\/pl\/wp-json\/wp\/v2\/pages\/119","targetHints":{"allow":["GET"]}}],"collection":[{"href":"https:\/\/www.sopot1911.pl\/pl\/wp-json\/wp\/v2\/pages"}],"about":[{"href":"https:\/\/www.sopot1911.pl\/pl\/wp-json\/wp\/v2\/types\/page"}],"author":[{"embeddable":true,"href":"https:\/\/www.sopot1911.pl\/pl\/wp-json\/wp\/v2\/users\/1"}],"replies":[{"embeddable":true,"href":"https:\/\/www.sopot1911.pl\/pl\/wp-json\/wp\/v2\/comments?post=119"}],"version-history":[{"count":220,"href":"https:\/\/www.sopot1911.pl\/pl\/wp-json\/wp\/v2\/pages\/119\/revisions"}],"predecessor-version":[{"id":2415,"href":"https:\/\/www.sopot1911.pl\/pl\/wp-json\/wp\/v2\/pages\/119\/revisions\/2415"}],"wp:attachment":[{"href":"https:\/\/www.sopot1911.pl\/pl\/wp-json\/wp\/v2\/media?parent=119"}],"curies":[{"name":"wp","href":"https:\/\/api.w.org\/{rel}","templated":true}]}}