{"id":2439,"date":"2025-11-21T20:53:37","date_gmt":"2025-11-21T19:53:37","guid":{"rendered":"https:\/\/www.sopot1911.pl\/?page_id=2439"},"modified":"2025-11-23T18:22:03","modified_gmt":"2025-11-23T17:22:03","slug":"wydarzenia","status":"publish","type":"page","link":"https:\/\/www.sopot1911.pl\/en\/wydarzenia\/","title":{"rendered":"WYDARZENIA"},"content":{"rendered":"<div data-elementor-type=\"wp-page\" data-elementor-id=\"2439\" class=\"elementor elementor-2439\" data-elementor-settings=\"[]\">\n\t\t\t\t\t\t\t<div class=\"elementor-section-wrap\">\n\t\t\t\t\t\t\t<section class=\"elementor-section elementor-top-section elementor-element elementor-element-5e238dc elementor-section-height-min-height elementor-section-boxed elementor-section-height-default elementor-section-items-middle\" data-id=\"5e238dc\" data-element_type=\"section\" data-settings=\"{&quot;background_background&quot;:&quot;classic&quot;}\">\n\t\t\t\t\t\t<div class=\"elementor-container elementor-column-gap-default\">\n\t\t\t\t\t<div class=\"elementor-column elementor-col-100 elementor-top-column elementor-element elementor-element-6706f70\" data-id=\"6706f70\" data-element_type=\"column\">\n\t\t\t<div class=\"elementor-widget-wrap elementor-element-populated\">\n\t\t\t\t\t\t\t\t<div class=\"elementor-element elementor-element-7305313 elementor-widget elementor-widget-heading\" data-id=\"7305313\" data-element_type=\"widget\" data-widget_type=\"heading.default\">\n\t\t\t\t<div class=\"elementor-widget-container\">\n\t\t\t<style>\/*! elementor - v3.5.2 - 22-12-2021 *\/\n.elementor-heading-title{padding:0;margin:0;line-height:1}.elementor-widget-heading .elementor-heading-title[class*=elementor-size-]>a{color:inherit;font-size:inherit;line-height:inherit}.elementor-widget-heading .elementor-heading-title.elementor-size-small{font-size:15px}.elementor-widget-heading .elementor-heading-title.elementor-size-medium{font-size:19px}.elementor-widget-heading .elementor-heading-title.elementor-size-large{font-size:29px}.elementor-widget-heading .elementor-heading-title.elementor-size-xl{font-size:39px}.elementor-widget-heading .elementor-heading-title.elementor-size-xxl{font-size:59px}<\/style><h2 class=\"elementor-heading-title elementor-size-default\">WYDARZENIA<\/h2>\t\t<\/div>\n\t\t\t\t<\/div>\n\t\t\t\t\t<\/div>\n\t\t<\/div>\n\t\t\t\t\t\t\t<\/div>\n\t\t<\/section>\n\t\t\t\t<section class=\"elementor-section elementor-top-section elementor-element elementor-element-76fa302 elementor-section-boxed elementor-section-height-default elementor-section-height-default\" data-id=\"76fa302\" data-element_type=\"section\">\n\t\t\t\t\t\t<div class=\"elementor-container elementor-column-gap-default\">\n\t\t\t\t\t<div class=\"elementor-column elementor-col-100 elementor-top-column elementor-element elementor-element-a9c0eb1\" data-id=\"a9c0eb1\" data-element_type=\"column\">\n\t\t\t<div class=\"elementor-widget-wrap elementor-element-populated\">\n\t\t\t\t\t\t\t\t<div class=\"elementor-element elementor-element-055b054 elementor-widget elementor-widget-spacer\" data-id=\"055b054\" data-element_type=\"widget\" data-widget_type=\"spacer.default\">\n\t\t\t\t<div class=\"elementor-widget-container\">\n\t\t\t\t\t<div class=\"elementor-spacer\">\n\t\t\t<div class=\"elementor-spacer-inner\"><\/div>\n\t\t<\/div>\n\t\t\t\t<\/div>\n\t\t\t\t<\/div>\n\t\t\t\t\t<\/div>\n\t\t<\/div>\n\t\t\t\t\t\t\t<\/div>\n\t\t<\/section>\n\t\t\t\t<section class=\"elementor-section elementor-top-section elementor-element elementor-element-3392b82 elementor-section-boxed elementor-section-height-default elementor-section-height-default\" data-id=\"3392b82\" data-element_type=\"section\">\n\t\t\t\t\t\t<div class=\"elementor-container elementor-column-gap-default\">\n\t\t\t\t\t<div class=\"elementor-column elementor-col-50 elementor-top-column elementor-element elementor-element-4b2cde4\" data-id=\"4b2cde4\" data-element_type=\"column\">\n\t\t\t<div class=\"elementor-widget-wrap elementor-element-populated\">\n\t\t\t\t\t\t\t\t<div class=\"elementor-element elementor-element-a3e750b elementor-widget elementor-widget-heading\" data-id=\"a3e750b\" data-element_type=\"widget\" data-widget_type=\"heading.default\">\n\t\t\t\t<div class=\"elementor-widget-container\">\n\t\t\t<h2 class=\"elementor-heading-title elementor-size-default\">SANTA TASTING WEEK \u2013 5\u20137 grudnia 2025<\/h2>\t\t<\/div>\n\t\t\t\t<\/div>\n\t\t\t\t<div class=\"elementor-element elementor-element-435ced4 elementor-widget elementor-widget-text-editor\" data-id=\"435ced4\" data-element_type=\"widget\" data-widget_type=\"text-editor.default\">\n\t\t\t\t<div class=\"elementor-widget-container\">\n\t\t\t<style>\/*! elementor - v3.5.2 - 22-12-2021 *\/\n.elementor-widget-text-editor.elementor-drop-cap-view-stacked .elementor-drop-cap{background-color:#818a91;color:#fff}.elementor-widget-text-editor.elementor-drop-cap-view-framed .elementor-drop-cap{color:#818a91;border:3px solid;background-color:transparent}.elementor-widget-text-editor:not(.elementor-drop-cap-view-default) .elementor-drop-cap{margin-top:8px}.elementor-widget-text-editor:not(.elementor-drop-cap-view-default) .elementor-drop-cap-letter{width:1em;height:1em}.elementor-widget-text-editor .elementor-drop-cap{float:left;text-align:center;line-height:1;font-size:50px}.elementor-widget-text-editor .elementor-drop-cap-letter{display:inline-block}<\/style>\t\t\t\t<p data-start=\"89\" data-end=\"185\">Wyj\u0105tkowy weekend inspirowany Laponi\u0105 i zim\u0105 P\u00f3\u0142nocy<\/p><p data-start=\"187\" data-end=\"470\">Zapraszamy na jedyne w swoim rodzaju wydarzenie kulinarne, kt\u00f3re odb\u0119dzie si\u0119 w Restauracji 1911 w dniach <strong data-start=\"293\" data-end=\"313\">5\u20137 grudnia 2025<\/strong>. Santa Tasting Week to trzy dni po\u015bwi\u0119cone smakom p\u00f3\u0142nocnej Europy, naturze, zimie i lapo\u0144skiej tradycji \u2013 uj\u0119te w autorskiej interpretacji naszego zespo\u0142u.<\/p><p data-start=\"472\" data-end=\"585\">Na t\u0119 okazj\u0119 przygotowali\u015bmy specjalne, zamkni\u0119te <strong data-start=\"522\" data-end=\"543\">menu degustacyjne<\/strong>, dost\u0119pne wy\u0142\u0105cznie w trakcie wydarzenia:<\/p><p data-start=\"587\" data-end=\"672\"><strong data-start=\"587\" data-end=\"608\">Menu degustacyjne<\/strong><br data-start=\"608\" data-end=\"611\" \/>5 da\u0144 + amuse bouche + pre-dessert<br data-start=\"645\" data-end=\"648\" \/>Cena: <strong data-start=\"654\" data-end=\"672\">290 z\u0142 \/ osoba<\/strong><\/p><p data-start=\"674\" data-end=\"820\"><strong data-start=\"674\" data-end=\"696\">Pairing alkoholowy<\/strong><br data-start=\"696\" data-end=\"699\" \/>Wyselekcjonowane fi\u0144skie i lapo\u0144skie alkohole, stworzone jako dope\u0142nienie ca\u0142ego do\u015bwiadczenia<br data-start=\"793\" data-end=\"796\" \/>Cena: <strong data-start=\"802\" data-end=\"820\">150 z\u0142 \/ osoba<\/strong><\/p><p data-start=\"822\" data-end=\"990\">W tych dniach <strong data-start=\"836\" data-end=\"870\">nie serwujemy karty \u00e0 la carte<\/strong> \u2013 ca\u0142a energia zespo\u0142u skupia si\u0119 na Santa Tasting Week i pe\u0142nym prowadzeniu Go\u015bci przez przygotowan\u0105 podr\u00f3\u017c kulinarn\u0105.<\/p><p data-start=\"1920\" data-end=\"2029\">Je\u015bli planuj\u0105 Pa\u0144stwo prezenty \u015bwi\u0105teczne \u2013 dost\u0119pne b\u0119d\u0105 r\u00f3wnie\u017c <strong data-start=\"1986\" data-end=\"1998\">vouchery<\/strong> na kolacj\u0119 w Restauracji 1911.<\/p><p data-start=\"2031\" data-end=\"2101\">Serdecznie zapraszamy do rezerwacji miejsc na to wyj\u0105tkowe wydarzenie:<\/p><p data-start=\"2103\" data-end=\"2158\"><strong data-start=\"2106\" data-end=\"2133\"><a class=\"decorated-link cursor-pointer\" rel=\"noopener\" data-start=\"2108\" data-end=\"2131\">rezerwacja@sopot1911.pl<\/a><\/strong><\/p><p data-start=\"2103\" data-end=\"2158\"><strong data-start=\"2139\" data-end=\"2158\">+48 572 945 145<\/strong><\/p><h6><strong data-start=\"115\" data-end=\"410\">Uprzejmie informujemy, \u017ce w czasie Santa Tasting Week serwujemy wy\u0142\u0105cznie specjalne menu degustacyjne.<br data-start=\"219\" data-end=\"222\" \/>Ze wzgl\u0119du na charakter kolacji nie jeste\u015bmy w stanie przygotowa\u0107 da\u0144 wega\u0144skich, wegetaria\u0144skich ani zast\u0119pnik\u00f3w dla wybranych sk\u0142adnik\u00f3w (w tym mi\u0119sa, nabia\u0142u oraz ryb i owoc\u00f3w morza).<\/strong><\/h6><p><strong data-start=\"412\" data-end=\"564\">Prosimy o zg\u0142oszenie ewentualnych alergii \u2013 poinformujemy, czy mo\u017cemy bezpiecznie przyj\u0105\u0107 rezerwacj\u0119, jednak nie b\u0119dziemy w stanie modyfikowa\u0107 menu.<\/strong><\/p>\t\t\t\t\t\t<\/div>\n\t\t\t\t<\/div>\n\t\t\t\t\t<\/div>\n\t\t<\/div>\n\t\t\t\t<div class=\"elementor-column elementor-col-50 elementor-top-column elementor-element elementor-element-36cba1e\" data-id=\"36cba1e\" data-element_type=\"column\">\n\t\t\t<div class=\"elementor-widget-wrap elementor-element-populated\">\n\t\t\t\t\t\t\t\t<div class=\"elementor-element elementor-element-5b89c9a elementor-widget elementor-widget-image\" data-id=\"5b89c9a\" data-element_type=\"widget\" data-widget_type=\"image.default\">\n\t\t\t\t<div class=\"elementor-widget-container\">\n\t\t\t<style>\/*! elementor - v3.5.2 - 22-12-2021 *\/\n.elementor-widget-image{text-align:center}.elementor-widget-image a{display:inline-block}.elementor-widget-image a img[src$=\".svg\"]{width:48px}.elementor-widget-image img{vertical-align:middle;display:inline-block}<\/style>\t\t\t\t\t\t\t\t\t\t\t\t<img loading=\"lazy\" decoding=\"async\" width=\"724\" height=\"1024\" src=\"https:\/\/www.sopot1911.pl\/wp-content\/uploads\/2025\/11\/1911-plakat-SANTA-A4-724x1024.png\" class=\"attachment-large size-large\" alt=\"\" srcset=\"https:\/\/www.sopot1911.pl\/wp-content\/uploads\/2025\/11\/1911-plakat-SANTA-A4-724x1024.png 724w, https:\/\/www.sopot1911.pl\/wp-content\/uploads\/2025\/11\/1911-plakat-SANTA-A4-212x300.png 212w, https:\/\/www.sopot1911.pl\/wp-content\/uploads\/2025\/11\/1911-plakat-SANTA-A4-768x1086.png 768w, https:\/\/www.sopot1911.pl\/wp-content\/uploads\/2025\/11\/1911-plakat-SANTA-A4-1086x1536.png 1086w, https:\/\/www.sopot1911.pl\/wp-content\/uploads\/2025\/11\/1911-plakat-SANTA-A4-8x12.png 8w, https:\/\/www.sopot1911.pl\/wp-content\/uploads\/2025\/11\/1911-plakat-SANTA-A4.png 1414w\" sizes=\"auto, (max-width: 724px) 100vw, 724px\" \/>\t\t\t\t\t\t\t\t\t\t\t\t\t\t\t<\/div>\n\t\t\t\t<\/div>\n\t\t\t\t\t<\/div>\n\t\t<\/div>\n\t\t\t\t\t\t\t<\/div>\n\t\t<\/section>\n\t\t\t\t<section class=\"elementor-section elementor-top-section elementor-element elementor-element-29b37d0 elementor-section-boxed elementor-section-height-default elementor-section-height-default\" data-id=\"29b37d0\" data-element_type=\"section\">\n\t\t\t\t\t\t<div class=\"elementor-container elementor-column-gap-default\">\n\t\t\t\t\t<div class=\"elementor-column elementor-col-50 elementor-top-column elementor-element elementor-element-f9176e3\" data-id=\"f9176e3\" data-element_type=\"column\">\n\t\t\t<div class=\"elementor-widget-wrap elementor-element-populated\">\n\t\t\t\t\t\t\t\t<div class=\"elementor-element elementor-element-00f6603 elementor-widget elementor-widget-image\" data-id=\"00f6603\" data-element_type=\"widget\" data-widget_type=\"image.default\">\n\t\t\t\t<div class=\"elementor-widget-container\">\n\t\t\t\t\t\t\t\t\t\t\t\t\t\t\t<img loading=\"lazy\" decoding=\"async\" width=\"724\" height=\"1024\" src=\"https:\/\/www.sopot1911.pl\/wp-content\/uploads\/2025\/11\/1911-menu-SANTA-A42-724x1024.png\" class=\"attachment-large size-large\" alt=\"\" srcset=\"https:\/\/www.sopot1911.pl\/wp-content\/uploads\/2025\/11\/1911-menu-SANTA-A42-724x1024.png 724w, https:\/\/www.sopot1911.pl\/wp-content\/uploads\/2025\/11\/1911-menu-SANTA-A42-212x300.png 212w, https:\/\/www.sopot1911.pl\/wp-content\/uploads\/2025\/11\/1911-menu-SANTA-A42-768x1086.png 768w, https:\/\/www.sopot1911.pl\/wp-content\/uploads\/2025\/11\/1911-menu-SANTA-A42-1086x1536.png 1086w, https:\/\/www.sopot1911.pl\/wp-content\/uploads\/2025\/11\/1911-menu-SANTA-A42-8x12.png 8w, https:\/\/www.sopot1911.pl\/wp-content\/uploads\/2025\/11\/1911-menu-SANTA-A42.png 1414w\" sizes=\"auto, (max-width: 724px) 100vw, 724px\" \/>\t\t\t\t\t\t\t\t\t\t\t\t\t\t\t<\/div>\n\t\t\t\t<\/div>\n\t\t\t\t\t<\/div>\n\t\t<\/div>\n\t\t\t\t<div class=\"elementor-column elementor-col-50 elementor-top-column elementor-element elementor-element-52ee9d8\" data-id=\"52ee9d8\" data-element_type=\"column\">\n\t\t\t<div class=\"elementor-widget-wrap\">\n\t\t\t\t\t\t\t\t\t<\/div>\n\t\t<\/div>\n\t\t\t\t\t\t\t<\/div>\n\t\t<\/section>\n\t\t\t\t\t\t<\/div>\n\t\t\t\t\t<\/div>","protected":false},"excerpt":{"rendered":"<p>WYDARZENIA SANTA TASTING WEEK \u2013 5\u20137 grudnia 2025 Wyj\u0105tkowy weekend inspirowany Laponi\u0105 i zim\u0105 P\u00f3\u0142nocy Zapraszamy na jedyne w swoim rodzaju wydarzenie kulinarne, kt\u00f3re odb\u0119dzie si\u0119 w Restauracji 1911 w dniach 5\u20137 grudnia 2025. Santa Tasting Week to trzy dni po\u015bwi\u0119cone smakom p\u00f3\u0142nocnej Europy, naturze, zimie i lapo\u0144skiej tradycji \u2013 uj\u0119te w autorskiej interpretacji naszego [&hellip;]<\/p>","protected":false},"author":1,"featured_media":0,"parent":0,"menu_order":0,"comment_status":"closed","ping_status":"closed","template":"","meta":{"_mi_skip_tracking":false,"_monsterinsights_sitenote_active":false,"_monsterinsights_sitenote_note":"","_monsterinsights_sitenote_category":0,"footnotes":""},"class_list":["post-2439","page","type-page","status-publish","hentry"],"_links":{"self":[{"href":"https:\/\/www.sopot1911.pl\/en\/wp-json\/wp\/v2\/pages\/2439","targetHints":{"allow":["GET"]}}],"collection":[{"href":"https:\/\/www.sopot1911.pl\/en\/wp-json\/wp\/v2\/pages"}],"about":[{"href":"https:\/\/www.sopot1911.pl\/en\/wp-json\/wp\/v2\/types\/page"}],"author":[{"embeddable":true,"href":"https:\/\/www.sopot1911.pl\/en\/wp-json\/wp\/v2\/users\/1"}],"replies":[{"embeddable":true,"href":"https:\/\/www.sopot1911.pl\/en\/wp-json\/wp\/v2\/comments?post=2439"}],"version-history":[{"count":11,"href":"https:\/\/www.sopot1911.pl\/en\/wp-json\/wp\/v2\/pages\/2439\/revisions"}],"predecessor-version":[{"id":2501,"href":"https:\/\/www.sopot1911.pl\/en\/wp-json\/wp\/v2\/pages\/2439\/revisions\/2501"}],"wp:attachment":[{"href":"https:\/\/www.sopot1911.pl\/en\/wp-json\/wp\/v2\/media?parent=2439"}],"curies":[{"name":"wp","href":"https:\/\/api.w.org\/{rel}","templated":true}]}}