{"id":2396,"date":"2025-11-04T15:23:58","date_gmt":"2025-11-04T14:23:58","guid":{"rendered":"https:\/\/www.sopot1911.pl\/?page_id=2396"},"modified":"2026-02-07T17:59:57","modified_gmt":"2026-02-07T16:59:57","slug":"dla-grup-1","status":"publish","type":"page","link":"https:\/\/www.sopot1911.pl\/en\/dla-grup-1\/","title":{"rendered":"FOR GROUPS"},"content":{"rendered":"<div data-elementor-type=\"wp-page\" data-elementor-id=\"2396\" class=\"elementor elementor-2396\" data-elementor-settings=\"[]\">\n\t\t\t\t\t\t\t<div class=\"elementor-section-wrap\">\n\t\t\t\t\t\t\t<section class=\"elementor-section elementor-top-section elementor-element elementor-element-246a030 elementor-section-height-min-height elementor-section-boxed elementor-section-height-default elementor-section-items-middle\" data-id=\"246a030\" data-element_type=\"section\" data-settings=\"{&quot;background_background&quot;:&quot;classic&quot;}\">\n\t\t\t\t\t\t\t<div class=\"elementor-background-overlay\"><\/div>\n\t\t\t\t\t\t\t<div class=\"elementor-container elementor-column-gap-default\">\n\t\t\t\t\t<div class=\"elementor-column elementor-col-100 elementor-top-column elementor-element elementor-element-6c5ecea\" data-id=\"6c5ecea\" data-element_type=\"column\">\n\t\t\t<div class=\"elementor-widget-wrap elementor-element-populated\">\n\t\t\t\t\t\t\t\t<div class=\"elementor-element elementor-element-0b3a5f2 elementor-widget elementor-widget-heading\" data-id=\"0b3a5f2\" data-element_type=\"widget\" data-widget_type=\"heading.default\">\n\t\t\t\t<div class=\"elementor-widget-container\">\n\t\t\t<style>\/*! elementor - v3.5.2 - 22-12-2021 *\/\n.elementor-heading-title{padding:0;margin:0;line-height:1}.elementor-widget-heading .elementor-heading-title[class*=elementor-size-]>a{color:inherit;font-size:inherit;line-height:inherit}.elementor-widget-heading .elementor-heading-title.elementor-size-small{font-size:15px}.elementor-widget-heading .elementor-heading-title.elementor-size-medium{font-size:19px}.elementor-widget-heading .elementor-heading-title.elementor-size-large{font-size:29px}.elementor-widget-heading .elementor-heading-title.elementor-size-xl{font-size:39px}.elementor-widget-heading .elementor-heading-title.elementor-size-xxl{font-size:59px}<\/style><h2 class=\"elementor-heading-title elementor-size-default\">FOR GROUPS<\/h2>\t\t<\/div>\n\t\t\t\t<\/div>\n\t\t\t\t\t<\/div>\n\t\t<\/div>\n\t\t\t\t\t\t\t<\/div>\n\t\t<\/section>\n\t\t\t\t<section class=\"elementor-section elementor-top-section elementor-element elementor-element-c7e5540 elementor-section-boxed elementor-section-height-default elementor-section-height-default\" data-id=\"c7e5540\" data-element_type=\"section\">\n\t\t\t\t\t\t<div class=\"elementor-container elementor-column-gap-default\">\n\t\t\t\t\t<div class=\"elementor-column elementor-col-100 elementor-top-column elementor-element elementor-element-7b5a54d\" data-id=\"7b5a54d\" data-element_type=\"column\">\n\t\t\t<div class=\"elementor-widget-wrap elementor-element-populated\">\n\t\t\t\t\t\t\t\t<div class=\"elementor-element elementor-element-b0b08d0 elementor-widget elementor-widget-spacer\" data-id=\"b0b08d0\" data-element_type=\"widget\" data-widget_type=\"spacer.default\">\n\t\t\t\t<div class=\"elementor-widget-container\">\n\t\t\t\t\t<div class=\"elementor-spacer\">\n\t\t\t<div class=\"elementor-spacer-inner\"><\/div>\n\t\t<\/div>\n\t\t\t\t<\/div>\n\t\t\t\t<\/div>\n\t\t\t\t\t<\/div>\n\t\t<\/div>\n\t\t\t\t\t\t\t<\/div>\n\t\t<\/section>\n\t\t\t\t<section class=\"elementor-section elementor-top-section elementor-element elementor-element-32df734 elementor-section-boxed elementor-section-height-default elementor-section-height-default\" data-id=\"32df734\" data-element_type=\"section\">\n\t\t\t\t\t\t<div class=\"elementor-container elementor-column-gap-default\">\n\t\t\t\t\t<div class=\"elementor-column elementor-col-50 elementor-top-column elementor-element elementor-element-b12f1cd\" data-id=\"b12f1cd\" data-element_type=\"column\">\n\t\t\t<div class=\"elementor-widget-wrap elementor-element-populated\">\n\t\t\t\t\t\t\t\t<div class=\"elementor-element elementor-element-557adf1 elementor-widget elementor-widget-heading\" data-id=\"557adf1\" data-element_type=\"widget\" data-widget_type=\"heading.default\">\n\t\t\t\t<div class=\"elementor-widget-container\">\n\t\t\t<h2 class=\"elementor-heading-title elementor-size-default\">Przyj\u0119cia grupowe i rezerwacje dla wi\u0119kszych grup<\/h2>\t\t<\/div>\n\t\t\t\t<\/div>\n\t\t\t\t<div class=\"elementor-element elementor-element-3c0e106 elementor-widget elementor-widget-text-editor\" data-id=\"3c0e106\" data-element_type=\"widget\" data-widget_type=\"text-editor.default\">\n\t\t\t\t<div class=\"elementor-widget-container\">\n\t\t\t<style>\/*! elementor - v3.5.2 - 22-12-2021 *\/\n.elementor-widget-text-editor.elementor-drop-cap-view-stacked .elementor-drop-cap{background-color:#818a91;color:#fff}.elementor-widget-text-editor.elementor-drop-cap-view-framed .elementor-drop-cap{color:#818a91;border:3px solid;background-color:transparent}.elementor-widget-text-editor:not(.elementor-drop-cap-view-default) .elementor-drop-cap{margin-top:8px}.elementor-widget-text-editor:not(.elementor-drop-cap-view-default) .elementor-drop-cap-letter{width:1em;height:1em}.elementor-widget-text-editor .elementor-drop-cap{float:left;text-align:center;line-height:1;font-size:50px}.elementor-widget-text-editor .elementor-drop-cap-letter{display:inline-block}<\/style>\t\t\t\t<p style=\"text-align: center;\" data-start=\"95\" data-end=\"276\">Organizujesz spotkanie rodzinne, kolacj\u0119 firmow\u0105, urodziny lub inn\u0105 wyj\u0105tkow\u0105 okazj\u0119? W Restauracji 1911 przygotowali\u015bmy specjalne menu grupowe, idealne na wi\u0119ksz\u0105 liczb\u0119 go\u015bci.<\/p><p style=\"text-align: center;\" data-start=\"278\" data-end=\"472\">Menu dost\u0119pne jest w jednym, starannie skomponowanym wariancie, ale z przyjemno\u015bci\u0105 dostosujemy je do indywidualnych preferencji \u2013 zar\u00f3wno kulinarnych, jak i zwi\u0105zanych z charakterem wydarzenia.<\/p><p style=\"text-align: center;\" data-start=\"474\" data-end=\"693\">Nasza przestrze\u0144 pozwala na komfortowe przyj\u0119cie wi\u0119kszych grup, a do\u015bwiadczenie naszego zespo\u0142u gwarantuje, \u017ce ka\u017cde spotkanie b\u0119dzie przebiega\u0107 w wyj\u0105tkowej atmosferze, z dba\u0142o\u015bci\u0105 o detale i najwy\u017csz\u0105 jako\u015b\u0107 serwisu.<\/p><p style=\"text-align: center;\" data-start=\"695\" data-end=\"826\">Zapraszamy do kontaktu w sprawie dost\u0119pno\u015bci termin\u00f3w i szczeg\u00f3\u0142\u00f3w oferty \u2013 stworzymy wydarzenie skrojone na miar\u0119 Pa\u0144stwa potrzeb.<\/p><p style=\"text-align: center;\"><a href=\"mailto:rezerwacja@sopot1911.pl\"><strong>rezerwacja@sopot1911.pl<\/strong><\/a><\/p><p style=\"text-align: center;\"><strong>or<\/strong><\/p><p style=\"text-align: center;\"><strong><a href=\"tel: 48572945145\">+48 572 945 145<\/a><\/strong><\/p>\t\t\t\t\t\t<\/div>\n\t\t\t\t<\/div>\n\t\t\t\t<div class=\"elementor-element elementor-element-ff03c83 elementor-align-center elementor-widget elementor-widget-button\" data-id=\"ff03c83\" data-element_type=\"widget\" data-widget_type=\"button.default\">\n\t\t\t\t<div class=\"elementor-widget-container\">\n\t\t\t\t\t<div class=\"elementor-button-wrapper\">\n\t\t\t<a href=\"https:\/\/www.sopot1911.pl\/wp-content\/uploads\/2026\/02\/oferta-grupowa-2026-PL.pdf\" class=\"elementor-button-link elementor-button elementor-size-sm\" role=\"button\">\n\t\t\t\t\t\t<span class=\"elementor-button-content-wrapper\">\n\t\t\t\t\t\t<span class=\"elementor-button-text\">Pobierz menu grupowe<\/span>\n\t\t<\/span>\n\t\t\t\t\t<\/a>\n\t\t<\/div>\n\t\t\t\t<\/div>\n\t\t\t\t<\/div>\n\t\t\t\t<div class=\"elementor-element elementor-element-81dfd3f elementor-align-center elementor-widget elementor-widget-button\" data-id=\"81dfd3f\" data-element_type=\"widget\" data-widget_type=\"button.default\">\n\t\t\t\t<div class=\"elementor-widget-container\">\n\t\t\t\t\t<div class=\"elementor-button-wrapper\">\n\t\t\t<a href=\"https:\/\/www.sopot1911.pl\/wp-content\/uploads\/2026\/02\/group-menu-2026-ANG.pdf\" class=\"elementor-button-link elementor-button elementor-size-sm\" role=\"button\">\n\t\t\t\t\t\t<span class=\"elementor-button-content-wrapper\">\n\t\t\t\t\t\t<span class=\"elementor-button-text\">Group menu<\/span>\n\t\t<\/span>\n\t\t\t\t\t<\/a>\n\t\t<\/div>\n\t\t\t\t<\/div>\n\t\t\t\t<\/div>\n\t\t\t\t\t<\/div>\n\t\t<\/div>\n\t\t\t\t<div class=\"elementor-column elementor-col-50 elementor-top-column elementor-element elementor-element-1a0f11a\" data-id=\"1a0f11a\" data-element_type=\"column\">\n\t\t\t<div class=\"elementor-widget-wrap elementor-element-populated\">\n\t\t\t\t\t\t\t\t<div class=\"elementor-element elementor-element-eaf8db8 elementor-widget elementor-widget-image\" data-id=\"eaf8db8\" data-element_type=\"widget\" data-widget_type=\"image.default\">\n\t\t\t\t<div class=\"elementor-widget-container\">\n\t\t\t<style>\/*! elementor - v3.5.2 - 22-12-2021 *\/\n.elementor-widget-image{text-align:center}.elementor-widget-image a{display:inline-block}.elementor-widget-image a img[src$=\".svg\"]{width:48px}.elementor-widget-image img{vertical-align:middle;display:inline-block}<\/style>\t\t\t\t\t\t\t\t\t\t\t\t<img loading=\"lazy\" decoding=\"async\" width=\"800\" height=\"1000\" src=\"https:\/\/www.sopot1911.pl\/wp-content\/uploads\/2025\/08\/sala-wewn.-1-819x1024.png\" class=\"attachment-large size-large\" alt=\"\" srcset=\"https:\/\/www.sopot1911.pl\/wp-content\/uploads\/2025\/08\/sala-wewn.-1-819x1024.png 819w, https:\/\/www.sopot1911.pl\/wp-content\/uploads\/2025\/08\/sala-wewn.-1-240x300.png 240w, https:\/\/www.sopot1911.pl\/wp-content\/uploads\/2025\/08\/sala-wewn.-1-768x960.png 768w, https:\/\/www.sopot1911.pl\/wp-content\/uploads\/2025\/08\/sala-wewn.-1-10x12.png 10w, https:\/\/www.sopot1911.pl\/wp-content\/uploads\/2025\/08\/sala-wewn.-1.png 912w\" sizes=\"auto, (max-width: 800px) 100vw, 800px\" \/>\t\t\t\t\t\t\t\t\t\t\t\t\t\t\t<\/div>\n\t\t\t\t<\/div>\n\t\t\t\t\t<\/div>\n\t\t<\/div>\n\t\t\t\t\t\t\t<\/div>\n\t\t<\/section>\n\t\t\t\t<section class=\"elementor-section elementor-top-section elementor-element elementor-element-2f171b9 elementor-section-boxed elementor-section-height-default elementor-section-height-default\" data-id=\"2f171b9\" data-element_type=\"section\">\n\t\t\t\t\t\t<div class=\"elementor-container elementor-column-gap-default\">\n\t\t\t\t\t<div class=\"elementor-column elementor-col-100 elementor-top-column elementor-element elementor-element-f1fc092\" data-id=\"f1fc092\" data-element_type=\"column\">\n\t\t\t<div class=\"elementor-widget-wrap elementor-element-populated\">\n\t\t\t\t\t\t\t\t<div class=\"elementor-element elementor-element-28aa3ba elementor-widget elementor-widget-spacer\" data-id=\"28aa3ba\" data-element_type=\"widget\" data-widget_type=\"spacer.default\">\n\t\t\t\t<div class=\"elementor-widget-container\">\n\t\t\t\t\t<div class=\"elementor-spacer\">\n\t\t\t<div class=\"elementor-spacer-inner\"><\/div>\n\t\t<\/div>\n\t\t\t\t<\/div>\n\t\t\t\t<\/div>\n\t\t\t\t\t<\/div>\n\t\t<\/div>\n\t\t\t\t\t\t\t<\/div>\n\t\t<\/section>\n\t\t\t\t<section class=\"elementor-section elementor-top-section elementor-element elementor-element-44ecc9e elementor-section-boxed elementor-section-height-default elementor-section-height-default\" data-id=\"44ecc9e\" data-element_type=\"section\">\n\t\t\t\t\t\t<div class=\"elementor-container elementor-column-gap-default\">\n\t\t\t\t\t<div class=\"elementor-column elementor-col-50 elementor-top-column elementor-element elementor-element-cb9ce5d\" data-id=\"cb9ce5d\" data-element_type=\"column\">\n\t\t\t<div class=\"elementor-widget-wrap elementor-element-populated\">\n\t\t\t\t\t\t\t\t<div class=\"elementor-element elementor-element-30a2b90 elementor-widget elementor-widget-image\" data-id=\"30a2b90\" data-element_type=\"widget\" data-widget_type=\"image.default\">\n\t\t\t\t<div class=\"elementor-widget-container\">\n\t\t\t\t\t\t\t\t\t\t\t\t\t\t\t<img loading=\"lazy\" decoding=\"async\" width=\"800\" height=\"1000\" src=\"https:\/\/www.sopot1911.pl\/wp-content\/uploads\/2025\/08\/4x5-12-819x1024.png\" class=\"attachment-large size-large\" alt=\"\" srcset=\"https:\/\/www.sopot1911.pl\/wp-content\/uploads\/2025\/08\/4x5-12-819x1024.png 819w, https:\/\/www.sopot1911.pl\/wp-content\/uploads\/2025\/08\/4x5-12-240x300.png 240w, https:\/\/www.sopot1911.pl\/wp-content\/uploads\/2025\/08\/4x5-12-768x960.png 768w, https:\/\/www.sopot1911.pl\/wp-content\/uploads\/2025\/08\/4x5-12-10x12.png 10w, https:\/\/www.sopot1911.pl\/wp-content\/uploads\/2025\/08\/4x5-12.png 912w\" sizes=\"auto, (max-width: 800px) 100vw, 800px\" \/>\t\t\t\t\t\t\t\t\t\t\t\t\t\t\t<\/div>\n\t\t\t\t<\/div>\n\t\t\t\t\t<\/div>\n\t\t<\/div>\n\t\t\t\t<div class=\"elementor-column elementor-col-50 elementor-top-column elementor-element elementor-element-fed4114\" data-id=\"fed4114\" data-element_type=\"column\">\n\t\t\t<div class=\"elementor-widget-wrap elementor-element-populated\">\n\t\t\t\t\t\t\t\t<div class=\"elementor-element elementor-element-5964012 elementor-widget elementor-widget-image\" data-id=\"5964012\" data-element_type=\"widget\" data-widget_type=\"image.default\">\n\t\t\t\t<div class=\"elementor-widget-container\">\n\t\t\t\t\t\t\t\t\t\t\t\t\t\t\t<img loading=\"lazy\" decoding=\"async\" width=\"724\" height=\"1024\" src=\"https:\/\/www.sopot1911.pl\/wp-content\/uploads\/2026\/02\/oferta-grupowa-2026-PL_page-00011-724x1024.jpg\" class=\"attachment-large size-large\" alt=\"\" srcset=\"https:\/\/www.sopot1911.pl\/wp-content\/uploads\/2026\/02\/oferta-grupowa-2026-PL_page-00011-724x1024.jpg 724w, https:\/\/www.sopot1911.pl\/wp-content\/uploads\/2026\/02\/oferta-grupowa-2026-PL_page-00011-212x300.jpg 212w, https:\/\/www.sopot1911.pl\/wp-content\/uploads\/2026\/02\/oferta-grupowa-2026-PL_page-00011-768x1086.jpg 768w, https:\/\/www.sopot1911.pl\/wp-content\/uploads\/2026\/02\/oferta-grupowa-2026-PL_page-00011-1086x1536.jpg 1086w, https:\/\/www.sopot1911.pl\/wp-content\/uploads\/2026\/02\/oferta-grupowa-2026-PL_page-00011-8x12.jpg 8w, https:\/\/www.sopot1911.pl\/wp-content\/uploads\/2026\/02\/oferta-grupowa-2026-PL_page-00011.jpg 1241w\" sizes=\"auto, (max-width: 724px) 100vw, 724px\" \/>\t\t\t\t\t\t\t\t\t\t\t\t\t\t\t<\/div>\n\t\t\t\t<\/div>\n\t\t\t\t\t<\/div>\n\t\t<\/div>\n\t\t\t\t\t\t\t<\/div>\n\t\t<\/section>\n\t\t\t\t\t\t<\/div>\n\t\t\t\t\t<\/div>","protected":false},"excerpt":{"rendered":"<p>DLA GRUP Przyj\u0119cia grupowe i rezerwacje dla wi\u0119kszych grup Organizujesz spotkanie rodzinne, kolacj\u0119 firmow\u0105, urodziny lub inn\u0105 wyj\u0105tkow\u0105 okazj\u0119? W Restauracji 1911 przygotowali\u015bmy specjalne menu grupowe, idealne na wi\u0119ksz\u0105 liczb\u0119 go\u015bci. Menu dost\u0119pne jest w jednym, starannie skomponowanym wariancie, ale z przyjemno\u015bci\u0105 dostosujemy je do indywidualnych preferencji \u2013 zar\u00f3wno kulinarnych, jak i zwi\u0105zanych z charakterem [&hellip;]<\/p>","protected":false},"author":1,"featured_media":0,"parent":0,"menu_order":0,"comment_status":"closed","ping_status":"closed","template":"","meta":{"_mi_skip_tracking":false,"_monsterinsights_sitenote_active":false,"_monsterinsights_sitenote_note":"","_monsterinsights_sitenote_category":0,"footnotes":""},"class_list":["post-2396","page","type-page","status-publish","hentry"],"_links":{"self":[{"href":"https:\/\/www.sopot1911.pl\/en\/wp-json\/wp\/v2\/pages\/2396","targetHints":{"allow":["GET"]}}],"collection":[{"href":"https:\/\/www.sopot1911.pl\/en\/wp-json\/wp\/v2\/pages"}],"about":[{"href":"https:\/\/www.sopot1911.pl\/en\/wp-json\/wp\/v2\/types\/page"}],"author":[{"embeddable":true,"href":"https:\/\/www.sopot1911.pl\/en\/wp-json\/wp\/v2\/users\/1"}],"replies":[{"embeddable":true,"href":"https:\/\/www.sopot1911.pl\/en\/wp-json\/wp\/v2\/comments?post=2396"}],"version-history":[{"count":35,"href":"https:\/\/www.sopot1911.pl\/en\/wp-json\/wp\/v2\/pages\/2396\/revisions"}],"predecessor-version":[{"id":2533,"href":"https:\/\/www.sopot1911.pl\/en\/wp-json\/wp\/v2\/pages\/2396\/revisions\/2533"}],"wp:attachment":[{"href":"https:\/\/www.sopot1911.pl\/en\/wp-json\/wp\/v2\/media?parent=2396"}],"curies":[{"name":"wp","href":"https:\/\/api.w.org\/{rel}","templated":true}]}}