{"id":1550,"date":"2023-11-20T20:11:12","date_gmt":"2023-11-20T19:11:12","guid":{"rendered":"https:\/\/www.sopot1911.pl\/?page_id=1550"},"modified":"2026-03-30T09:16:47","modified_gmt":"2026-03-30T07:16:47","slug":"menu-2","status":"publish","type":"page","link":"https:\/\/www.sopot1911.pl\/en\/menu-2\/","title":{"rendered":"Menu"},"content":{"rendered":"<div data-elementor-type=\"wp-page\" data-elementor-id=\"1550\" class=\"elementor elementor-1550\" data-elementor-settings=\"[]\">\n\t\t\t\t\t\t\t<div class=\"elementor-section-wrap\">\n\t\t\t\t\t\t\t<section class=\"elementor-section elementor-top-section elementor-element elementor-element-cbdae35 elementor-section-height-min-height elementor-section-full_width elementor-section-height-default elementor-section-items-middle\" data-id=\"cbdae35\" data-element_type=\"section\" data-settings=\"{&quot;background_background&quot;:&quot;classic&quot;}\">\n\t\t\t\t\t\t\t<div class=\"elementor-background-overlay\"><\/div>\n\t\t\t\t\t\t\t<div class=\"elementor-container elementor-column-gap-default\">\n\t\t\t\t\t<div class=\"elementor-column elementor-col-100 elementor-top-column elementor-element elementor-element-7db4a49\" data-id=\"7db4a49\" data-element_type=\"column\">\n\t\t\t<div class=\"elementor-widget-wrap elementor-element-populated\">\n\t\t\t\t\t\t\t\t<div class=\"elementor-element elementor-element-b871b6f elementor-widget elementor-widget-heading\" data-id=\"b871b6f\" data-element_type=\"widget\" data-widget_type=\"heading.default\">\n\t\t\t\t<div class=\"elementor-widget-container\">\n\t\t\t<style>\/*! elementor - v3.5.2 - 22-12-2021 *\/\n.elementor-heading-title{padding:0;margin:0;line-height:1}.elementor-widget-heading .elementor-heading-title[class*=elementor-size-]>a{color:inherit;font-size:inherit;line-height:inherit}.elementor-widget-heading .elementor-heading-title.elementor-size-small{font-size:15px}.elementor-widget-heading .elementor-heading-title.elementor-size-medium{font-size:19px}.elementor-widget-heading .elementor-heading-title.elementor-size-large{font-size:29px}.elementor-widget-heading .elementor-heading-title.elementor-size-xl{font-size:39px}.elementor-widget-heading .elementor-heading-title.elementor-size-xxl{font-size:59px}<\/style><h2 class=\"elementor-heading-title elementor-size-default\">MENU<\/h2>\t\t<\/div>\n\t\t\t\t<\/div>\n\t\t\t\t\t<\/div>\n\t\t<\/div>\n\t\t\t\t\t\t\t<\/div>\n\t\t<\/section>\n\t\t\t\t<section class=\"elementor-section elementor-top-section elementor-element elementor-element-22bb681 elementor-section-boxed elementor-section-height-default elementor-section-height-default\" data-id=\"22bb681\" data-element_type=\"section\">\n\t\t\t\t\t\t<div class=\"elementor-container elementor-column-gap-default\">\n\t\t\t\t\t<div class=\"elementor-column elementor-col-100 elementor-top-column elementor-element elementor-element-06df601\" data-id=\"06df601\" data-element_type=\"column\">\n\t\t\t<div class=\"elementor-widget-wrap elementor-element-populated\">\n\t\t\t\t\t\t\t\t<div class=\"elementor-element elementor-element-4cde5f4 elementor-widget elementor-widget-spacer\" data-id=\"4cde5f4\" data-element_type=\"widget\" data-widget_type=\"spacer.default\">\n\t\t\t\t<div class=\"elementor-widget-container\">\n\t\t\t\t\t<div class=\"elementor-spacer\">\n\t\t\t<div class=\"elementor-spacer-inner\"><\/div>\n\t\t<\/div>\n\t\t\t\t<\/div>\n\t\t\t\t<\/div>\n\t\t\t\t\t<\/div>\n\t\t<\/div>\n\t\t\t\t\t\t\t<\/div>\n\t\t<\/section>\n\t\t\t\t<section class=\"elementor-section elementor-top-section elementor-element elementor-element-5160916 elementor-section-boxed elementor-section-height-default elementor-section-height-default\" data-id=\"5160916\" data-element_type=\"section\">\n\t\t\t\t\t\t<div class=\"elementor-container elementor-column-gap-default\">\n\t\t\t\t\t<div class=\"elementor-column elementor-col-50 elementor-top-column elementor-element elementor-element-f8b84fc\" data-id=\"f8b84fc\" data-element_type=\"column\">\n\t\t\t<div class=\"elementor-widget-wrap elementor-element-populated\">\n\t\t\t\t\t\t\t\t<div class=\"elementor-element elementor-element-fe3e947 elementor-widget elementor-widget-heading\" data-id=\"fe3e947\" data-element_type=\"widget\" data-widget_type=\"heading.default\">\n\t\t\t\t<div class=\"elementor-widget-container\">\n\t\t\t<h2 class=\"elementor-heading-title elementor-size-default\">OUR MENU<\/h2>\t\t<\/div>\n\t\t\t\t<\/div>\n\t\t\t\t<div class=\"elementor-element elementor-element-95ff8c2 elementor-widget elementor-widget-text-editor\" data-id=\"95ff8c2\" data-element_type=\"widget\" data-widget_type=\"text-editor.default\">\n\t\t\t\t<div class=\"elementor-widget-container\">\n\t\t\t<style>\/*! elementor - v3.5.2 - 22-12-2021 *\/\n.elementor-widget-text-editor.elementor-drop-cap-view-stacked .elementor-drop-cap{background-color:#818a91;color:#fff}.elementor-widget-text-editor.elementor-drop-cap-view-framed .elementor-drop-cap{color:#818a91;border:3px solid;background-color:transparent}.elementor-widget-text-editor:not(.elementor-drop-cap-view-default) .elementor-drop-cap{margin-top:8px}.elementor-widget-text-editor:not(.elementor-drop-cap-view-default) .elementor-drop-cap-letter{width:1em;height:1em}.elementor-widget-text-editor .elementor-drop-cap{float:left;text-align:center;line-height:1;font-size:50px}.elementor-widget-text-editor .elementor-drop-cap-letter{display:inline-block}<\/style>\t\t\t\t<p style=\"text-align: center;\">The 1911 Restaurant menu is the result of years of knowledge acquired. Based on the highest quality ingredients, often forgotten, difficult to process, hiding incredible potential and taste. This is a cuisine guided by respect for the product and the guest.\u00a0<\/p><p style=\"text-align: center;\">With attention to detail, playing with taste, breaking structures and patterns. Surprising, evoking childhood memories, focused on details. Without templates, full of imagination.\u00a0<\/p><p style=\"text-align: center;\">In addition to the regular menu, you will also find weekend inserts and lunch menus, which are an expression of our culinary spontaneity. <span style=\"font-size: 11pt; font-family: Arial,sans-serif; color: #000000; background-color: transparent; font-weight: 400; font-style: normal; font-variant: normal; text-decoration: none; vertical-align: baseline; white-space: pre-wrap;\">\u00a0<\/span>Poznajmy si\u0119 poprzez smak, kt\u00f3ry wyra\u017ca wi\u0119cej ni\u017c s\u0142owa.<\/p>\t\t\t\t\t\t<\/div>\n\t\t\t\t<\/div>\n\t\t\t\t<div class=\"elementor-element elementor-element-0475f85 elementor-align-center elementor-widget elementor-widget-button\" data-id=\"0475f85\" data-element_type=\"widget\" data-widget_type=\"button.default\">\n\t\t\t\t<div class=\"elementor-widget-container\">\n\t\t\t\t\t<div class=\"elementor-button-wrapper\">\n\t\t\t<a href=\"https:\/\/www.sopot1911.pl\/wp-content\/uploads\/2026\/03\/1911-menu-marzec-3.pdf\" class=\"elementor-button-link elementor-button elementor-size-sm\" role=\"button\">\n\t\t\t\t\t\t<span class=\"elementor-button-content-wrapper\">\n\t\t\t\t\t\t<span class=\"elementor-button-text\">Do pobrania<\/span>\n\t\t<\/span>\n\t\t\t\t\t<\/a>\n\t\t<\/div>\n\t\t\t\t<\/div>\n\t\t\t\t<\/div>\n\t\t\t\t<div class=\"elementor-element elementor-element-228a109 elementor-align-center elementor-widget elementor-widget-button\" data-id=\"228a109\" data-element_type=\"widget\" data-widget_type=\"button.default\">\n\t\t\t\t<div class=\"elementor-widget-container\">\n\t\t\t\t\t<div class=\"elementor-button-wrapper\">\n\t\t\t<a href=\"https:\/\/www.sopot1911.pl\/wp-content\/uploads\/2026\/03\/1911-menu-marzec-4.pdf\" class=\"elementor-button-link elementor-button elementor-size-sm\" role=\"button\">\n\t\t\t\t\t\t<span class=\"elementor-button-content-wrapper\">\n\t\t\t\t\t\t<span class=\"elementor-button-text\">Download English version<\/span>\n\t\t<\/span>\n\t\t\t\t\t<\/a>\n\t\t<\/div>\n\t\t\t\t<\/div>\n\t\t\t\t<\/div>\n\t\t\t\t\t<\/div>\n\t\t<\/div>\n\t\t\t\t<div class=\"elementor-column elementor-col-50 elementor-top-column elementor-element elementor-element-f5a5b90\" data-id=\"f5a5b90\" data-element_type=\"column\">\n\t\t\t<div class=\"elementor-widget-wrap elementor-element-populated\">\n\t\t\t\t\t\t\t\t<div class=\"elementor-element elementor-element-7156fbb elementor-widget elementor-widget-image\" data-id=\"7156fbb\" data-element_type=\"widget\" data-widget_type=\"image.default\">\n\t\t\t\t<div class=\"elementor-widget-container\">\n\t\t\t<style>\/*! elementor - v3.5.2 - 22-12-2021 *\/\n.elementor-widget-image{text-align:center}.elementor-widget-image a{display:inline-block}.elementor-widget-image a img[src$=\".svg\"]{width:48px}.elementor-widget-image img{vertical-align:middle;display:inline-block}<\/style>\t\t\t\t\t\t\t\t\t\t\t\t<img loading=\"lazy\" decoding=\"async\" width=\"1280\" height=\"1600\" src=\"https:\/\/www.sopot1911.pl\/wp-content\/uploads\/2025\/06\/Zdjecie-WhatsApp-2025-06-01-o-12.04.38_0dec90dd.jpg\" class=\"attachment-2048x2048 size-2048x2048\" alt=\"\" srcset=\"https:\/\/www.sopot1911.pl\/wp-content\/uploads\/2025\/06\/Zdjecie-WhatsApp-2025-06-01-o-12.04.38_0dec90dd.jpg 1280w, https:\/\/www.sopot1911.pl\/wp-content\/uploads\/2025\/06\/Zdjecie-WhatsApp-2025-06-01-o-12.04.38_0dec90dd-240x300.jpg 240w, https:\/\/www.sopot1911.pl\/wp-content\/uploads\/2025\/06\/Zdjecie-WhatsApp-2025-06-01-o-12.04.38_0dec90dd-819x1024.jpg 819w, https:\/\/www.sopot1911.pl\/wp-content\/uploads\/2025\/06\/Zdjecie-WhatsApp-2025-06-01-o-12.04.38_0dec90dd-768x960.jpg 768w, https:\/\/www.sopot1911.pl\/wp-content\/uploads\/2025\/06\/Zdjecie-WhatsApp-2025-06-01-o-12.04.38_0dec90dd-1229x1536.jpg 1229w, https:\/\/www.sopot1911.pl\/wp-content\/uploads\/2025\/06\/Zdjecie-WhatsApp-2025-06-01-o-12.04.38_0dec90dd-10x12.jpg 10w\" sizes=\"auto, (max-width: 1280px) 100vw, 1280px\" \/>\t\t\t\t\t\t\t\t\t\t\t\t\t\t\t<\/div>\n\t\t\t\t<\/div>\n\t\t\t\t\t<\/div>\n\t\t<\/div>\n\t\t\t\t\t\t\t<\/div>\n\t\t<\/section>\n\t\t\t\t<section class=\"elementor-section elementor-top-section elementor-element elementor-element-1db127d elementor-section-boxed elementor-section-height-default elementor-section-height-default\" data-id=\"1db127d\" data-element_type=\"section\">\n\t\t\t\t\t\t<div class=\"elementor-container elementor-column-gap-default\">\n\t\t\t\t\t<div class=\"elementor-column elementor-col-100 elementor-top-column elementor-element elementor-element-db4b643\" data-id=\"db4b643\" data-element_type=\"column\">\n\t\t\t<div class=\"elementor-widget-wrap elementor-element-populated\">\n\t\t\t\t\t\t\t\t<div class=\"elementor-element elementor-element-690f619 elementor-widget elementor-widget-spacer\" data-id=\"690f619\" data-element_type=\"widget\" data-widget_type=\"spacer.default\">\n\t\t\t\t<div class=\"elementor-widget-container\">\n\t\t\t\t\t<div class=\"elementor-spacer\">\n\t\t\t<div class=\"elementor-spacer-inner\"><\/div>\n\t\t<\/div>\n\t\t\t\t<\/div>\n\t\t\t\t<\/div>\n\t\t\t\t\t<\/div>\n\t\t<\/div>\n\t\t\t\t\t\t\t<\/div>\n\t\t<\/section>\n\t\t\t\t<section class=\"elementor-section elementor-top-section elementor-element elementor-element-6e8cc07 elementor-section-boxed elementor-section-height-default elementor-section-height-default\" data-id=\"6e8cc07\" data-element_type=\"section\">\n\t\t\t\t\t\t<div class=\"elementor-container elementor-column-gap-default\">\n\t\t\t\t\t<div class=\"elementor-column elementor-col-50 elementor-top-column elementor-element elementor-element-57d3800\" data-id=\"57d3800\" data-element_type=\"column\">\n\t\t\t<div class=\"elementor-widget-wrap elementor-element-populated\">\n\t\t\t\t\t\t\t\t<div class=\"elementor-element elementor-element-d1816ac elementor-widget elementor-widget-image\" data-id=\"d1816ac\" data-element_type=\"widget\" data-widget_type=\"image.default\">\n\t\t\t\t<div class=\"elementor-widget-container\">\n\t\t\t\t\t\t\t\t\t\t\t\t\t\t\t<img loading=\"lazy\" decoding=\"async\" width=\"1638\" height=\"2048\" src=\"https:\/\/www.sopot1911.pl\/wp-content\/uploads\/2025\/03\/post-3-1638x2048.jpg\" class=\"attachment-2048x2048 size-2048x2048\" alt=\"\" srcset=\"https:\/\/www.sopot1911.pl\/wp-content\/uploads\/2025\/03\/post-3-1638x2048.jpg 1638w, https:\/\/www.sopot1911.pl\/wp-content\/uploads\/2025\/03\/post-3-240x300.jpg 240w, https:\/\/www.sopot1911.pl\/wp-content\/uploads\/2025\/03\/post-3-819x1024.jpg 819w, https:\/\/www.sopot1911.pl\/wp-content\/uploads\/2025\/03\/post-3-768x960.jpg 768w, https:\/\/www.sopot1911.pl\/wp-content\/uploads\/2025\/03\/post-3-1229x1536.jpg 1229w, https:\/\/www.sopot1911.pl\/wp-content\/uploads\/2025\/03\/post-3-10x12.jpg 10w, https:\/\/www.sopot1911.pl\/wp-content\/uploads\/2025\/03\/post-3-scaled.jpg 2048w\" sizes=\"auto, (max-width: 1638px) 100vw, 1638px\" \/>\t\t\t\t\t\t\t\t\t\t\t\t\t\t\t<\/div>\n\t\t\t\t<\/div>\n\t\t\t\t\t<\/div>\n\t\t<\/div>\n\t\t\t\t<div class=\"elementor-column elementor-col-50 elementor-top-column elementor-element elementor-element-afab82d\" data-id=\"afab82d\" data-element_type=\"column\">\n\t\t\t<div class=\"elementor-widget-wrap elementor-element-populated\">\n\t\t\t\t\t\t\t\t<div class=\"elementor-element elementor-element-50aacb6 elementor-widget elementor-widget-image\" data-id=\"50aacb6\" data-element_type=\"widget\" data-widget_type=\"image.default\">\n\t\t\t\t<div class=\"elementor-widget-container\">\n\t\t\t\t\t\t\t\t\t\t\t\t\t\t\t<img loading=\"lazy\" decoding=\"async\" width=\"1241\" height=\"1755\" src=\"https:\/\/www.sopot1911.pl\/wp-content\/uploads\/2026\/01\/1911-menu-A4-7_page-0001.jpg\" class=\"attachment-2048x2048 size-2048x2048\" alt=\"\" srcset=\"https:\/\/www.sopot1911.pl\/wp-content\/uploads\/2026\/01\/1911-menu-A4-7_page-0001.jpg 1241w, https:\/\/www.sopot1911.pl\/wp-content\/uploads\/2026\/01\/1911-menu-A4-7_page-0001-212x300.jpg 212w, https:\/\/www.sopot1911.pl\/wp-content\/uploads\/2026\/01\/1911-menu-A4-7_page-0001-724x1024.jpg 724w, https:\/\/www.sopot1911.pl\/wp-content\/uploads\/2026\/01\/1911-menu-A4-7_page-0001-768x1086.jpg 768w, https:\/\/www.sopot1911.pl\/wp-content\/uploads\/2026\/01\/1911-menu-A4-7_page-0001-1086x1536.jpg 1086w, https:\/\/www.sopot1911.pl\/wp-content\/uploads\/2026\/01\/1911-menu-A4-7_page-0001-8x12.jpg 8w\" sizes=\"auto, (max-width: 1241px) 100vw, 1241px\" \/>\t\t\t\t\t\t\t\t\t\t\t\t\t\t\t<\/div>\n\t\t\t\t<\/div>\n\t\t\t\t\t<\/div>\n\t\t<\/div>\n\t\t\t\t\t\t\t<\/div>\n\t\t<\/section>\n\t\t\t\t<section class=\"elementor-section elementor-top-section elementor-element elementor-element-0bb64a8 elementor-section-boxed elementor-section-height-default elementor-section-height-default\" data-id=\"0bb64a8\" data-element_type=\"section\">\n\t\t\t\t\t\t<div class=\"elementor-container elementor-column-gap-default\">\n\t\t\t\t\t<div class=\"elementor-column elementor-col-50 elementor-top-column elementor-element elementor-element-8ec1680\" data-id=\"8ec1680\" data-element_type=\"column\">\n\t\t\t<div class=\"elementor-widget-wrap elementor-element-populated\">\n\t\t\t\t\t\t\t\t<div class=\"elementor-element elementor-element-7b4cb31 elementor-widget elementor-widget-image\" data-id=\"7b4cb31\" data-element_type=\"widget\" data-widget_type=\"image.default\">\n\t\t\t\t<div class=\"elementor-widget-container\">\n\t\t\t\t\t\t\t\t\t\t\t\t\t\t\t<img loading=\"lazy\" decoding=\"async\" width=\"1241\" height=\"1755\" src=\"https:\/\/www.sopot1911.pl\/wp-content\/uploads\/2026\/01\/1911-menu-A4-7_page-0002.jpg\" class=\"attachment-2048x2048 size-2048x2048\" alt=\"\" srcset=\"https:\/\/www.sopot1911.pl\/wp-content\/uploads\/2026\/01\/1911-menu-A4-7_page-0002.jpg 1241w, https:\/\/www.sopot1911.pl\/wp-content\/uploads\/2026\/01\/1911-menu-A4-7_page-0002-212x300.jpg 212w, https:\/\/www.sopot1911.pl\/wp-content\/uploads\/2026\/01\/1911-menu-A4-7_page-0002-724x1024.jpg 724w, https:\/\/www.sopot1911.pl\/wp-content\/uploads\/2026\/01\/1911-menu-A4-7_page-0002-768x1086.jpg 768w, https:\/\/www.sopot1911.pl\/wp-content\/uploads\/2026\/01\/1911-menu-A4-7_page-0002-1086x1536.jpg 1086w, https:\/\/www.sopot1911.pl\/wp-content\/uploads\/2026\/01\/1911-menu-A4-7_page-0002-8x12.jpg 8w\" sizes=\"auto, (max-width: 1241px) 100vw, 1241px\" \/>\t\t\t\t\t\t\t\t\t\t\t\t\t\t\t<\/div>\n\t\t\t\t<\/div>\n\t\t\t\t\t<\/div>\n\t\t<\/div>\n\t\t\t\t<div class=\"elementor-column elementor-col-50 elementor-top-column elementor-element elementor-element-1dd3f22\" data-id=\"1dd3f22\" data-element_type=\"column\">\n\t\t\t<div class=\"elementor-widget-wrap elementor-element-populated\">\n\t\t\t\t\t\t\t\t<div class=\"elementor-element elementor-element-7a83115 elementor-widget elementor-widget-image\" data-id=\"7a83115\" data-element_type=\"widget\" data-widget_type=\"image.default\">\n\t\t\t\t<div class=\"elementor-widget-container\">\n\t\t\t\t\t\t\t\t\t\t\t\t\t\t\t<img loading=\"lazy\" decoding=\"async\" width=\"1638\" height=\"2048\" src=\"https:\/\/www.sopot1911.pl\/wp-content\/uploads\/2025\/03\/post-07-1638x2048.jpg\" class=\"attachment-2048x2048 size-2048x2048\" alt=\"\" srcset=\"https:\/\/www.sopot1911.pl\/wp-content\/uploads\/2025\/03\/post-07-1638x2048.jpg 1638w, https:\/\/www.sopot1911.pl\/wp-content\/uploads\/2025\/03\/post-07-240x300.jpg 240w, https:\/\/www.sopot1911.pl\/wp-content\/uploads\/2025\/03\/post-07-819x1024.jpg 819w, https:\/\/www.sopot1911.pl\/wp-content\/uploads\/2025\/03\/post-07-768x960.jpg 768w, https:\/\/www.sopot1911.pl\/wp-content\/uploads\/2025\/03\/post-07-1229x1536.jpg 1229w, https:\/\/www.sopot1911.pl\/wp-content\/uploads\/2025\/03\/post-07-10x12.jpg 10w, https:\/\/www.sopot1911.pl\/wp-content\/uploads\/2025\/03\/post-07-scaled.jpg 2048w\" sizes=\"auto, (max-width: 1638px) 100vw, 1638px\" \/>\t\t\t\t\t\t\t\t\t\t\t\t\t\t\t<\/div>\n\t\t\t\t<\/div>\n\t\t\t\t\t<\/div>\n\t\t<\/div>\n\t\t\t\t\t\t\t<\/div>\n\t\t<\/section>\n\t\t\t\t<section class=\"elementor-section elementor-top-section elementor-element elementor-element-ae2f6fb elementor-section-boxed elementor-section-height-default elementor-section-height-default\" data-id=\"ae2f6fb\" data-element_type=\"section\">\n\t\t\t\t\t\t<div class=\"elementor-container elementor-column-gap-default\">\n\t\t\t\t\t<div class=\"elementor-column elementor-col-100 elementor-top-column elementor-element elementor-element-33c94ca\" data-id=\"33c94ca\" data-element_type=\"column\">\n\t\t\t<div class=\"elementor-widget-wrap elementor-element-populated\">\n\t\t\t\t\t\t\t\t<div class=\"elementor-element elementor-element-1b1568e elementor-widget elementor-widget-spacer\" data-id=\"1b1568e\" data-element_type=\"widget\" data-widget_type=\"spacer.default\">\n\t\t\t\t<div class=\"elementor-widget-container\">\n\t\t\t\t\t<div class=\"elementor-spacer\">\n\t\t\t<div class=\"elementor-spacer-inner\"><\/div>\n\t\t<\/div>\n\t\t\t\t<\/div>\n\t\t\t\t<\/div>\n\t\t\t\t\t<\/div>\n\t\t<\/div>\n\t\t\t\t\t\t\t<\/div>\n\t\t<\/section>\n\t\t\t\t<section class=\"elementor-section elementor-top-section elementor-element elementor-element-8825394 elementor-section-boxed elementor-section-height-default elementor-section-height-default\" data-id=\"8825394\" data-element_type=\"section\">\n\t\t\t\t\t\t<div class=\"elementor-container elementor-column-gap-default\">\n\t\t\t\t\t<div class=\"elementor-column elementor-col-50 elementor-top-column elementor-element elementor-element-3624c18\" data-id=\"3624c18\" data-element_type=\"column\">\n\t\t\t<div class=\"elementor-widget-wrap elementor-element-populated\">\n\t\t\t\t\t\t\t\t<div class=\"elementor-element elementor-element-4173759 elementor-widget elementor-widget-image\" data-id=\"4173759\" data-element_type=\"widget\" data-widget_type=\"image.default\">\n\t\t\t\t<div class=\"elementor-widget-container\">\n\t\t\t\t\t\t\t\t\t\t\t\t\t\t\t<img loading=\"lazy\" decoding=\"async\" width=\"724\" height=\"1024\" src=\"https:\/\/www.sopot1911.pl\/wp-content\/uploads\/2026\/01\/1911-menu-PLANG-2_page-0001-724x1024.jpg\" class=\"attachment-large size-large\" alt=\"\" srcset=\"https:\/\/www.sopot1911.pl\/wp-content\/uploads\/2026\/01\/1911-menu-PLANG-2_page-0001-724x1024.jpg 724w, https:\/\/www.sopot1911.pl\/wp-content\/uploads\/2026\/01\/1911-menu-PLANG-2_page-0001-212x300.jpg 212w, https:\/\/www.sopot1911.pl\/wp-content\/uploads\/2026\/01\/1911-menu-PLANG-2_page-0001-768x1086.jpg 768w, https:\/\/www.sopot1911.pl\/wp-content\/uploads\/2026\/01\/1911-menu-PLANG-2_page-0001-1086x1536.jpg 1086w, https:\/\/www.sopot1911.pl\/wp-content\/uploads\/2026\/01\/1911-menu-PLANG-2_page-0001-1448x2048.jpg 1448w, https:\/\/www.sopot1911.pl\/wp-content\/uploads\/2026\/01\/1911-menu-PLANG-2_page-0001-8x12.jpg 8w, https:\/\/www.sopot1911.pl\/wp-content\/uploads\/2026\/01\/1911-menu-PLANG-2_page-0001-scaled.jpg 1810w\" sizes=\"auto, (max-width: 724px) 100vw, 724px\" \/>\t\t\t\t\t\t\t\t\t\t\t\t\t\t\t<\/div>\n\t\t\t\t<\/div>\n\t\t\t\t\t<\/div>\n\t\t<\/div>\n\t\t\t\t<div class=\"elementor-column elementor-col-50 elementor-top-column elementor-element elementor-element-8f703b8\" data-id=\"8f703b8\" data-element_type=\"column\">\n\t\t\t<div class=\"elementor-widget-wrap elementor-element-populated\">\n\t\t\t\t\t\t\t\t<div class=\"elementor-element elementor-element-d6c5437 elementor-widget elementor-widget-image\" data-id=\"d6c5437\" data-element_type=\"widget\" data-widget_type=\"image.default\">\n\t\t\t\t<div class=\"elementor-widget-container\">\n\t\t\t\t\t\t\t\t\t\t\t\t\t\t\t<img loading=\"lazy\" decoding=\"async\" width=\"800\" height=\"1000\" src=\"https:\/\/www.sopot1911.pl\/wp-content\/uploads\/2025\/06\/Zdjecie-WhatsApp-2025-06-01-o-12.06.29_6428a28b-819x1024.jpg\" class=\"attachment-large size-large\" alt=\"\" srcset=\"https:\/\/www.sopot1911.pl\/wp-content\/uploads\/2025\/06\/Zdjecie-WhatsApp-2025-06-01-o-12.06.29_6428a28b-819x1024.jpg 819w, https:\/\/www.sopot1911.pl\/wp-content\/uploads\/2025\/06\/Zdjecie-WhatsApp-2025-06-01-o-12.06.29_6428a28b-240x300.jpg 240w, https:\/\/www.sopot1911.pl\/wp-content\/uploads\/2025\/06\/Zdjecie-WhatsApp-2025-06-01-o-12.06.29_6428a28b-768x960.jpg 768w, https:\/\/www.sopot1911.pl\/wp-content\/uploads\/2025\/06\/Zdjecie-WhatsApp-2025-06-01-o-12.06.29_6428a28b-1229x1536.jpg 1229w, https:\/\/www.sopot1911.pl\/wp-content\/uploads\/2025\/06\/Zdjecie-WhatsApp-2025-06-01-o-12.06.29_6428a28b-10x12.jpg 10w, https:\/\/www.sopot1911.pl\/wp-content\/uploads\/2025\/06\/Zdjecie-WhatsApp-2025-06-01-o-12.06.29_6428a28b.jpg 1280w\" sizes=\"auto, (max-width: 800px) 100vw, 800px\" \/>\t\t\t\t\t\t\t\t\t\t\t\t\t\t\t<\/div>\n\t\t\t\t<\/div>\n\t\t\t\t\t<\/div>\n\t\t<\/div>\n\t\t\t\t\t\t\t<\/div>\n\t\t<\/section>\n\t\t\t\t\t\t<\/div>\n\t\t\t\t\t<\/div>","protected":false},"excerpt":{"rendered":"<p>MENU NASZE MENU Menu 1911 Restaurant to efekt zg\u0142\u0119bianej latami wiedzy. Oparte na sk\u0142adnikach najwy\u017cszej jako\u015bci, cz\u0119sto tych zapomnianych, trudnych w obr\u00f3bce, skrywaj\u0105cych niesamowity potencja\u0142 i smak. To kuchnia kierowana szacunkiem do produktu i Go\u015bcia.\u00a0 Z dba\u0142o\u015bci\u0105 o detale, z zabaw\u0105 smakiem, prze\u0142amywaniem struktur i schemat\u00f3w. Zaskakuj\u0105ca, przywo\u0142uj\u0105ca wspomnienia z dzieci\u0144stwa, skupiona na detalach. Pozbawiona [&hellip;]<\/p>","protected":false},"author":1,"featured_media":0,"parent":0,"menu_order":0,"comment_status":"closed","ping_status":"closed","template":"","meta":{"_mi_skip_tracking":false,"_monsterinsights_sitenote_active":false,"_monsterinsights_sitenote_note":"","_monsterinsights_sitenote_category":0,"footnotes":""},"class_list":["post-1550","page","type-page","status-publish","hentry"],"_links":{"self":[{"href":"https:\/\/www.sopot1911.pl\/en\/wp-json\/wp\/v2\/pages\/1550","targetHints":{"allow":["GET"]}}],"collection":[{"href":"https:\/\/www.sopot1911.pl\/en\/wp-json\/wp\/v2\/pages"}],"about":[{"href":"https:\/\/www.sopot1911.pl\/en\/wp-json\/wp\/v2\/types\/page"}],"author":[{"embeddable":true,"href":"https:\/\/www.sopot1911.pl\/en\/wp-json\/wp\/v2\/users\/1"}],"replies":[{"embeddable":true,"href":"https:\/\/www.sopot1911.pl\/en\/wp-json\/wp\/v2\/comments?post=1550"}],"version-history":[{"count":154,"href":"https:\/\/www.sopot1911.pl\/en\/wp-json\/wp\/v2\/pages\/1550\/revisions"}],"predecessor-version":[{"id":2545,"href":"https:\/\/www.sopot1911.pl\/en\/wp-json\/wp\/v2\/pages\/1550\/revisions\/2545"}],"wp:attachment":[{"href":"https:\/\/www.sopot1911.pl\/en\/wp-json\/wp\/v2\/media?parent=1550"}],"curies":[{"name":"wp","href":"https:\/\/api.w.org\/{rel}","templated":true}]}}